{"id":10160,"date":"2021-03-30T15:50:47","date_gmt":"2021-03-30T13:50:47","guid":{"rendered":"https:\/\/natorce.com\/?page_id=10160"},"modified":"2023-03-31T09:29:30","modified_gmt":"2023-03-31T07:29:30","slug":"fotografia-modowa","status":"publish","type":"page","link":"https:\/\/natorce.com\/pl\/fotografia-modowa\/","title":{"rendered":"Fotografia modowa"},"content":{"rendered":"\n<h1 class=\"has-text-align-center wp-block-heading\">Fotografia modowa<\/h1>\n\n\n\n<p class=\"has-text-align-center\">Znajdziesz tutaj moje realizacje wykonane dla wielu znanych marek modowych.<\/p>\n\n\n<div class=\"gb-container gb-container-f1de4438\"><div class=\"gb-inside-container\">\n\n\t\t\t<div class=\"wp-block-uagb-post-masonry uagb-post-grid  uagb-post__image-position-top uagb-post__image-enabled uagb-block-c4bbe4ed     uagb-post__items uagb-post__columns-3 is-masonry uagb-post__columns-tablet-2 uagb-post__columns-mobile-1\" data-total=\"1\" style=\"\">\n\n\t\t\t\t\t\t\t\t\t\t\t\t<article class=\"uagb-post__inner-wrap\">\t\t\t\t\t\t\t\t<div class='uagb-post__image'>\n\t\t\t\t\t\t\t\t\t<a href=\"https:\/\/natorce.com\/pl\/portfolio\/mako\/\" target=\"_self\" rel=\"bookmark noopener noreferrer\"><img decoding=\"async\" width=\"683\" height=\"1024\" src=\"https:\/\/natorce.com\/wp-content\/uploads\/2019\/05\/MAKO-campaign-lq-01-683x1024.jpg\" class=\"attachment-large size-large\" alt=\"\" srcset=\"https:\/\/natorce.com\/wp-content\/uploads\/2019\/05\/MAKO-campaign-lq-01-683x1024.jpg 683w, https:\/\/natorce.com\/wp-content\/uploads\/2019\/05\/MAKO-campaign-lq-01-200x300.jpg 200w, https:\/\/natorce.com\/wp-content\/uploads\/2019\/05\/MAKO-campaign-lq-01-768x1152.jpg 768w, https:\/\/natorce.com\/wp-content\/uploads\/2019\/05\/MAKO-campaign-lq-01.jpg 800w\" sizes=\"(max-width: 683px) 100vw, 683px\" \/>\t\t\t\t\t<\/a>\n\t\t\t\t\t\t\t\t\t<\/div>\n\t\t\t\t\t\t<h4 class=\"uagb-post__title uagb-post__text\">\n\t\t\t\t<a href=\"https:\/\/natorce.com\/pl\/portfolio\/mako\/\" target=\"_self\" rel=\"bookmark noopener noreferrer\">MAKO<\/a>\n\t\t\t<\/h4>\n\t\t\t\t\t\t<div class='uagb-post__text uagb-post-grid-byline'>\n\t\t\t\t\t\t\t<\/div>\n\t\t\t\n\t\t\t\t\t\t\t\t\t<\/article>\n\t\t\t\t\t\t\t\t\t\t\t\t\t\t\t\t<article class=\"uagb-post__inner-wrap\">\t\t\t\t\t\t\t\t<div class='uagb-post__image'>\n\t\t\t\t\t\t\t\t\t<a href=\"https:\/\/natorce.com\/pl\/portfolio\/soul-label\/\" target=\"_self\" rel=\"bookmark noopener noreferrer\"><img decoding=\"async\" width=\"683\" height=\"1024\" src=\"https:\/\/natorce.com\/wp-content\/uploads\/2019\/05\/soullabel04-683x1024.jpg\" class=\"attachment-large size-large\" alt=\"\" srcset=\"https:\/\/natorce.com\/wp-content\/uploads\/2019\/05\/soullabel04-683x1024.jpg 683w, https:\/\/natorce.com\/wp-content\/uploads\/2019\/05\/soullabel04-200x300.jpg 200w, https:\/\/natorce.com\/wp-content\/uploads\/2019\/05\/soullabel04-768x1152.jpg 768w, https:\/\/natorce.com\/wp-content\/uploads\/2019\/05\/soullabel04.jpg 800w\" sizes=\"(max-width: 683px) 100vw, 683px\" \/>\t\t\t\t\t<\/a>\n\t\t\t\t\t\t\t\t\t<\/div>\n\t\t\t\t\t\t<h4 class=\"uagb-post__title uagb-post__text\">\n\t\t\t\t<a href=\"https:\/\/natorce.com\/pl\/portfolio\/soul-label\/\" target=\"_self\" rel=\"bookmark noopener noreferrer\">Soul Label<\/a>\n\t\t\t<\/h4>\n\t\t\t\t\t\t<div class='uagb-post__text uagb-post-grid-byline'>\n\t\t\t\t\t\t\t<\/div>\n\t\t\t\n\t\t\t\t\t\t\t\t\t<\/article>\n\t\t\t\t\t\t\t\t\t\t\t\t\t\t\t\t<article class=\"uagb-post__inner-wrap\">\t\t\t\t\t\t\t\t<div class='uagb-post__image'>\n\t\t\t\t\t\t\t\t\t<a href=\"https:\/\/natorce.com\/pl\/portfolio\/moons\/\" target=\"_self\" rel=\"bookmark noopener noreferrer\"><img decoding=\"async\" width=\"1024\" height=\"682\" src=\"https:\/\/natorce.com\/wp-content\/uploads\/2019\/05\/moons01-1024x682.jpg\" class=\"attachment-large size-large\" alt=\"\" srcset=\"https:\/\/natorce.com\/wp-content\/uploads\/2019\/05\/moons01-1024x682.jpg 1024w, https:\/\/natorce.com\/wp-content\/uploads\/2019\/05\/moons01-300x200.jpg 300w, https:\/\/natorce.com\/wp-content\/uploads\/2019\/05\/moons01-768x512.jpg 768w, https:\/\/natorce.com\/wp-content\/uploads\/2019\/05\/moons01.jpg 1400w\" sizes=\"(max-width: 1024px) 100vw, 1024px\" \/>\t\t\t\t\t<\/a>\n\t\t\t\t\t\t\t\t\t<\/div>\n\t\t\t\t\t\t<h4 class=\"uagb-post__title uagb-post__text\">\n\t\t\t\t<a href=\"https:\/\/natorce.com\/pl\/portfolio\/moons\/\" target=\"_self\" rel=\"bookmark noopener noreferrer\">Moons<\/a>\n\t\t\t<\/h4>\n\t\t\t\t\t\t<div class='uagb-post__text uagb-post-grid-byline'>\n\t\t\t\t\t\t\t<\/div>\n\t\t\t\n\t\t\t\t\t\t\t\t\t<\/article>\n\t\t\t\t\t\t\t\t\t\t\t\t\t\t\t\t<article class=\"uagb-post__inner-wrap\">\t\t\t\t\t\t\t\t<div class='uagb-post__image'>\n\t\t\t\t\t\t\t\t\t<a href=\"https:\/\/natorce.com\/pl\/portfolio\/moda-uliczna\/\" target=\"_self\" rel=\"bookmark noopener noreferrer\"><img decoding=\"async\" width=\"683\" height=\"1024\" src=\"https:\/\/natorce.com\/wp-content\/uploads\/2019\/05\/street-fashion45-683x1024.jpg\" class=\"attachment-large size-large\" alt=\"\" srcset=\"https:\/\/natorce.com\/wp-content\/uploads\/2019\/05\/street-fashion45-683x1024.jpg 683w, https:\/\/natorce.com\/wp-content\/uploads\/2019\/05\/street-fashion45-200x300.jpg 200w, https:\/\/natorce.com\/wp-content\/uploads\/2019\/05\/street-fashion45-768x1152.jpg 768w, https:\/\/natorce.com\/wp-content\/uploads\/2019\/05\/street-fashion45.jpg 800w\" sizes=\"(max-width: 683px) 100vw, 683px\" \/>\t\t\t\t\t<\/a>\n\t\t\t\t\t\t\t\t\t<\/div>\n\t\t\t\t\t\t<h4 class=\"uagb-post__title uagb-post__text\">\n\t\t\t\t<a href=\"https:\/\/natorce.com\/pl\/portfolio\/moda-uliczna\/\" target=\"_self\" rel=\"bookmark noopener noreferrer\">Moda uliczna<\/a>\n\t\t\t<\/h4>\n\t\t\t\t\t\t<div class='uagb-post__text uagb-post-grid-byline'>\n\t\t\t\t\t\t\t<\/div>\n\t\t\t\n\t\t\t\t\t\t\t\t\t<\/article>\n\t\t\t\t\t\t\t\t\t\t\t\t\t\t\t\t<article class=\"uagb-post__inner-wrap\">\t\t\t\t\t\t\t\t<div class='uagb-post__image'>\n\t\t\t\t\t\t\t\t\t<a href=\"https:\/\/natorce.com\/pl\/portfolio\/bela-komoszynska\/\" target=\"_self\" rel=\"bookmark noopener noreferrer\"><img decoding=\"async\" width=\"682\" height=\"1024\" src=\"https:\/\/natorce.com\/wp-content\/uploads\/2019\/05\/Bela_Komoszynska-01-682x1024.jpg\" class=\"attachment-large size-large\" alt=\"\" srcset=\"https:\/\/natorce.com\/wp-content\/uploads\/2019\/05\/Bela_Komoszynska-01-682x1024.jpg 682w, https:\/\/natorce.com\/wp-content\/uploads\/2019\/05\/Bela_Komoszynska-01-200x300.jpg 200w, https:\/\/natorce.com\/wp-content\/uploads\/2019\/05\/Bela_Komoszynska-01-768x1152.jpg 768w, https:\/\/natorce.com\/wp-content\/uploads\/2019\/05\/Bela_Komoszynska-01.jpg 933w\" sizes=\"(max-width: 682px) 100vw, 682px\" \/>\t\t\t\t\t<\/a>\n\t\t\t\t\t\t\t\t\t<\/div>\n\t\t\t\t\t\t<h4 class=\"uagb-post__title uagb-post__text\">\n\t\t\t\t<a href=\"https:\/\/natorce.com\/pl\/portfolio\/bela-komoszynska\/\" target=\"_self\" rel=\"bookmark noopener noreferrer\">Bela Komoszy\u0144ska<\/a>\n\t\t\t<\/h4>\n\t\t\t\t\t\t<div class='uagb-post__text uagb-post-grid-byline'>\n\t\t\t\t\t\t\t<\/div>\n\t\t\t\n\t\t\t\t\t\t\t\t\t<\/article>\n\t\t\t\t\t\t\t\t\t\t\t\t\t\t\t\t<article class=\"uagb-post__inner-wrap\">\t\t\t\t\t\t\t\t<div class='uagb-post__image'>\n\t\t\t\t\t\t\t\t\t<a href=\"https:\/\/natorce.com\/pl\/portfolio\/yellow-meadow\/\" target=\"_self\" rel=\"bookmark noopener noreferrer\"><img decoding=\"async\" width=\"683\" height=\"1024\" src=\"https:\/\/natorce.com\/wp-content\/uploads\/2019\/05\/yellowmeadow01-683x1024.jpg\" class=\"attachment-large size-large\" alt=\"\" srcset=\"https:\/\/natorce.com\/wp-content\/uploads\/2019\/05\/yellowmeadow01-683x1024.jpg 683w, https:\/\/natorce.com\/wp-content\/uploads\/2019\/05\/yellowmeadow01-200x300.jpg 200w, https:\/\/natorce.com\/wp-content\/uploads\/2019\/05\/yellowmeadow01-768x1152.jpg 768w, https:\/\/natorce.com\/wp-content\/uploads\/2019\/05\/yellowmeadow01.jpg 800w\" sizes=\"(max-width: 683px) 100vw, 683px\" \/>\t\t\t\t\t<\/a>\n\t\t\t\t\t\t\t\t\t<\/div>\n\t\t\t\t\t\t<h4 class=\"uagb-post__title uagb-post__text\">\n\t\t\t\t<a href=\"https:\/\/natorce.com\/pl\/portfolio\/yellow-meadow\/\" target=\"_self\" rel=\"bookmark noopener noreferrer\">Yellow Meadow<\/a>\n\t\t\t<\/h4>\n\t\t\t\t\t\t<div class='uagb-post__text uagb-post-grid-byline'>\n\t\t\t\t\t\t\t<\/div>\n\t\t\t\n\t\t\t\t\t\t\t\t\t<\/article>\n\t\t\t\t\t\t\t\t\t\t\t\t\t\t\t\t<article class=\"uagb-post__inner-wrap\">\t\t\t\t\t\t\t\t<div class='uagb-post__image'>\n\t\t\t\t\t\t\t\t\t<a href=\"https:\/\/natorce.com\/pl\/portfolio\/lazy-monkey\/\" target=\"_self\" rel=\"bookmark noopener noreferrer\"><img decoding=\"async\" width=\"1024\" height=\"683\" src=\"https:\/\/natorce.com\/wp-content\/uploads\/2019\/05\/lazymonkey_helena_norowicz_aleksandra_poplawska06-1024x683.jpg\" class=\"attachment-large size-large\" alt=\"\" srcset=\"https:\/\/natorce.com\/wp-content\/uploads\/2019\/05\/lazymonkey_helena_norowicz_aleksandra_poplawska06-1024x683.jpg 1024w, https:\/\/natorce.com\/wp-content\/uploads\/2019\/05\/lazymonkey_helena_norowicz_aleksandra_poplawska06-300x200.jpg 300w, https:\/\/natorce.com\/wp-content\/uploads\/2019\/05\/lazymonkey_helena_norowicz_aleksandra_poplawska06-768x512.jpg 768w, https:\/\/natorce.com\/wp-content\/uploads\/2019\/05\/lazymonkey_helena_norowicz_aleksandra_poplawska06.jpg 1200w\" sizes=\"(max-width: 1024px) 100vw, 1024px\" \/>\t\t\t\t\t<\/a>\n\t\t\t\t\t\t\t\t\t<\/div>\n\t\t\t\t\t\t<h4 class=\"uagb-post__title uagb-post__text\">\n\t\t\t\t<a href=\"https:\/\/natorce.com\/pl\/portfolio\/lazy-monkey\/\" target=\"_self\" rel=\"bookmark noopener noreferrer\">Lazy Monkey<\/a>\n\t\t\t<\/h4>\n\t\t\t\t\t\t<div class='uagb-post__text uagb-post-grid-byline'>\n\t\t\t\t\t\t\t<\/div>\n\t\t\t\n\t\t\t\t\t\t\t\t\t<\/article>\n\t\t\t\t\t\t\t\t\t\t\t\t\t\t\t\t<article class=\"uagb-post__inner-wrap\">\t\t\t\t\t\t\t\t<div class='uagb-post__image'>\n\t\t\t\t\t\t\t\t\t<a href=\"https:\/\/natorce.com\/pl\/portfolio\/moon-yoga\/\" target=\"_self\" rel=\"bookmark noopener noreferrer\"><img decoding=\"async\" width=\"683\" height=\"1024\" src=\"https:\/\/natorce.com\/wp-content\/uploads\/2020\/06\/Yellow-X-Moon-51-683x1024.jpg\" class=\"attachment-large size-large\" alt=\"\" srcset=\"https:\/\/natorce.com\/wp-content\/uploads\/2020\/06\/Yellow-X-Moon-51-683x1024.jpg 683w, https:\/\/natorce.com\/wp-content\/uploads\/2020\/06\/Yellow-X-Moon-51-200x300.jpg 200w, https:\/\/natorce.com\/wp-content\/uploads\/2020\/06\/Yellow-X-Moon-51-768x1152.jpg 768w, https:\/\/natorce.com\/wp-content\/uploads\/2020\/06\/Yellow-X-Moon-51.jpg 800w\" sizes=\"(max-width: 683px) 100vw, 683px\" \/>\t\t\t\t\t<\/a>\n\t\t\t\t\t\t\t\t\t<\/div>\n\t\t\t\t\t\t<h4 class=\"uagb-post__title uagb-post__text\">\n\t\t\t\t<a href=\"https:\/\/natorce.com\/pl\/portfolio\/moon-yoga\/\" target=\"_self\" rel=\"bookmark noopener noreferrer\">Moon Yoga<\/a>\n\t\t\t<\/h4>\n\t\t\t\t\t\t<div class='uagb-post__text uagb-post-grid-byline'>\n\t\t\t\t\t\t\t<\/div>\n\t\t\t\n\t\t\t\t\t\t\t\t\t<\/article>\n\t\t\t\t\t\t\t\t\t\t\t\t\t\t\t\t<article class=\"uagb-post__inner-wrap\">\t\t\t\t\t\t\t\t<div class='uagb-post__image'>\n\t\t\t\t\t\t\t\t\t<a href=\"https:\/\/natorce.com\/pl\/portfolio\/charlotte-rouge\/\" target=\"_self\" rel=\"bookmark noopener noreferrer\"><img decoding=\"async\" width=\"1024\" height=\"682\" src=\"https:\/\/natorce.com\/wp-content\/uploads\/2019\/05\/charlotterouge18-1024x682.jpg\" class=\"attachment-large size-large\" alt=\"\" srcset=\"https:\/\/natorce.com\/wp-content\/uploads\/2019\/05\/charlotterouge18-1024x682.jpg 1024w, https:\/\/natorce.com\/wp-content\/uploads\/2019\/05\/charlotterouge18-300x200.jpg 300w, https:\/\/natorce.com\/wp-content\/uploads\/2019\/05\/charlotterouge18-768x512.jpg 768w, https:\/\/natorce.com\/wp-content\/uploads\/2019\/05\/charlotterouge18.jpg 1400w\" sizes=\"(max-width: 1024px) 100vw, 1024px\" \/>\t\t\t\t\t<\/a>\n\t\t\t\t\t\t\t\t\t<\/div>\n\t\t\t\t\t\t<h4 class=\"uagb-post__title uagb-post__text\">\n\t\t\t\t<a href=\"https:\/\/natorce.com\/pl\/portfolio\/charlotte-rouge\/\" target=\"_self\" rel=\"bookmark noopener noreferrer\">Charlotte Rouge<\/a>\n\t\t\t<\/h4>\n\t\t\t\t\t\t<div class='uagb-post__text uagb-post-grid-byline'>\n\t\t\t\t\t\t\t<\/div>\n\t\t\t\n\t\t\t\t\t\t\t\t\t<\/article>\n\t\t\t\t\t\t\t\t\t\t\t<\/div>\n\t\t\t\n\n\n<p>Fotografia modowa to jedna z uwielbianych przeze mnie dziedzin fotografii. Wykonane przeze mnie <strong>zdj\u0119cia modowe<\/strong> spowoduj\u0105 \u017ce sprzedawane przez Ciebie produkty czy kolekcje modowe b\u0119d\u0105 najatrakcyjniej zaprezentowane. Dobry fotograf modowy sposoby, aby zdj\u0119cia modowe by\u0142y naprawd\u0119 udane i aby zosta\u0142 osi\u0105gni\u0119ty zamierzony efekt w postaci wspania\u0142ej prezentacji.<\/p>\n\n\n\n<p>Modowe sesje zdj\u0119ciowe wykonywane u mnie mo\u017cna z grubsza podzieli\u0107 w zale\u017cno\u015bci od tematu lub typu zdj\u0119cia na: fashion, kt\u00f3re skupiaj\u0105 si\u0119 na&nbsp; odzie\u017cy; glamour, kt\u00f3ry skupia si\u0119 na pi\u0119knie modela czy modelki oraz beauty. <strong>Sesja modowa<\/strong> u mnie jest poprzedzona ustaleniem jej charakteru i okre\u015bleniem oczekiwa\u0144 przez klienta. Dobrze jest ustali\u0107 temat przewodni sesji, kt\u00f3ry ma opowiada\u0107 zestaw fotografii modowych. Nast\u0119pnie przygotowana jest odpowiednia scenografia planu sesji zdj\u0119ciowej, kolejny krok to wyb\u00f3r modeli i modelek, kt\u00f3rego najcz\u0119\u015bciej dokonuje fotograf mody. Warszawa jest miejscem, w kt\u00f3rym funkcjonuj\u0105 liczne agencje modelek, dlatego bez problemu mo\u017cna wybra\u0107 odpowiednie osoby. Model jest tak dobierany, aby pasowa\u0142 do idei sesji, przyci\u0105ga\u0142 uwag\u0119 i zach\u0119ca\u0142 do zakupu reklamowanego produktu.<\/p>\n\n\n\n<p>Podczas sesji fotograf modowy stara si\u0119 wydoby\u0107 z produktu jego indywidualn\u0105 cech\u0119, kt\u00f3ra wyr\u00f3\u017cnia go spo\u015br\u00f3d innych, czyni go niepowtarzalnym i wyj\u0105tkowym. Sesja modowa jest organizowana w miejscu, kt\u00f3re koresponduje z jej g\u0142\u00f3wnymi za\u0142o\u017ceniami. <strong>Sesje modowe<\/strong> mog\u0105 si\u0119 odby\u0107 w moim <a href=\"https:\/\/natorce.com\/moonshot\/\">studio fotograficznym Moonshot<\/a>, w kt\u00f3rym przygotowuje si\u0119 odpowiedni\u0105 scenografi\u0119 lub te\u017c poza studiem w wybranej lokalizacji. \u015awiat\u0142o jest niezwykle istotne przy wszystkich zdj\u0119ciach, a zw\u0142aszcza gdy w gr\u0119 wchodzi<strong> fotografia modowa<\/strong>. Warszawa oferuje klientom wiele wspania\u0142ych miejsc, w kt\u00f3rych powstaj\u0105 niepowtarzalne zdj\u0119cia.<\/p>\n\n\n\n<p>Istotne podczas sesji s\u0105 <strong>inspiracje modowe<\/strong>. Zdj\u0119cia w magazynach, reklamy, sceny z filmu, sytuacja z \u017cycia &#8211; wszystko mo\u017ce sta\u0107 si\u0119 inspiracj\u0105 do wykonania jedynego w swoim rodzaju, niepowtarzalnego zdj\u0119cia. Zawsze staram si\u0119 by ostateczny efekt sesji modowej by\u0142 oryginalny, jedyny w swoim rodzaju. <strong>Modowe sesje zdj\u0119ciowe<\/strong> u mnie przyczyniaj\u0105 si\u0119 do powstawania zdj\u0119\u0107, kt\u00f3re cechuj\u0105 si\u0119 wysok\u0105 warto\u015bci\u0105 artystyczn\u0105. Poza pi\u0119knem reklamowanej odzie\u017cy wzrok przykuwa r\u00f3wnie\u017c niezwyk\u0142e otoczenie: minimalistyczne studio, tajemniczy krajobraz, czy luksusowe wn\u0119trze itp. Sesje modowe wykorzystuj\u0105 tak\u017ce symbolik\u0119 \u015bci\u015ble zwi\u0105zan\u0105 ze specyfik\u0105 prowadzonej przez klienta dzia\u0142alno\u015bci. Wydobycie prawdziwego pi\u0119kna z fotografowanego produktu, dzi\u0119ki czemu wzro\u015bnie jego sprzeda\u017c, to g\u0142\u00f3wne zadanie, jakie maj\u0105 sesje modowe.<\/p>\n\n\n\n<p>Profesjonalny i do\u015bwiadczony <strong>fotograf mody<\/strong> i dobrze zrobiona sesja modowa s\u0105 gwarancj\u0105 sukcesu firmy oferuj\u0105cej fotografowany produkt lub kolekcj\u0119 modow\u0105. Zapraszam na zdj\u0119cia modowe do mojego studia fotograficznego w Warszawie.<\/p>\n\n\n\n<p>A mo\u017ce jeste\u015b pocz\u0105tkuj\u0105c\u0105 modelk\u0105? Zapraszam Ci\u0119 na <a href=\"https:\/\/natorce.com\/pl\/kategoria-portrety\/\">sesj\u0119 portretow\u0105<\/a> lub polaroidy w celu rozszerzenia profesjonalnego twojego portfolio zdj\u0119ciowego. <\/p>\n\n<\/div><\/div>\n\n\n<p><\/p>\n","protected":false},"excerpt":{"rendered":"<p>Fotografia modowa Znajdziesz tutaj moje realizacje wykonane dla wielu znanych marek modowych. Fotografia modowa to jedna z uwielbianych przeze mnie dziedzin fotografii. Wykonane przeze mnie zdj\u0119cia modowe spowoduj\u0105 \u017ce sprzedawane przez Ciebie produkty czy kolekcje modowe b\u0119d\u0105 najatrakcyjniej zaprezentowane. Dobry fotograf modowy sposoby, aby zdj\u0119cia modowe by\u0142y naprawd\u0119 udane i aby zosta\u0142 osi\u0105gni\u0119ty zamierzony efekt [&hellip;]<\/p>\n","protected":false},"author":8,"featured_media":0,"parent":0,"menu_order":0,"comment_status":"closed","ping_status":"closed","template":"qubely_full_width","meta":{"qubely_global_settings":"","qubely_interactions":"","_uag_custom_page_level_css":"","_monsterinsights_skip_tracking":false,"_monsterinsights_sitenote_active":false,"_monsterinsights_sitenote_note":"","_monsterinsights_sitenote_category":0,"pgc_sgb_lightbox_settings":"","footnotes":""},"class_list":["post-10160","page","type-page","status-publish","hentry"],"blocksy_meta":{"page_title_panel":"","has_hero_section":"disabled","514fdfcc7d7602bb4dfebbbb72c455cd":"","hero_section":"type-1","hero_elements":[{"id":"custom_title","enabled":true,"heading_tag":"h1","title":"Home"},{"id":"custom_description","enabled":true,"description_visibility":{"desktop":true,"tablet":true,"mobile":false}},{"id":"custom_meta","enabled":false,"meta_elements":[{"id":"author","enabled":true,"label":"By","has_author_avatar":"yes","avatar_size":25},{"id":"post_date","enabled":true,"label":"On","date_format_source":"default","date_format":"M j, Y"},{"id":"comments","enabled":true}],"page_meta_elements":{"joined":true,"articles_count":true,"comments":true}},{"id":"breadcrumbs","enabled":false}],"13a6cab0afd3c721a5faf19ce2aa05e6":"","hero_alignment1":"left","hero_margin":{"desktop":50,"tablet":30,"mobile":30},"hero_alignment2":"center","hero_vertical_alignment":"center","779a37391fb943d5e7ad31d32ff8a7d6":"","hero_structure":"narrow","f474308e565d7a9ab1573487a1f6e85f":"","page_title_bg_type":"featured_image","custom_hero_background":{"attachment_id":null},"parallax":{"desktop":false,"tablet":false,"mobile":false},"286a20dca7fd8956f7807e5f9a390978":"","hero_height":"250px","pageTitleFont":{"family":"Default","variation":"Default","size":{"desktop":"32px","tablet":"30px","mobile":"25px"},"line-height":"CT_CSS_SKIP_RULE","letter-spacing":"CT_CSS_SKIP_RULE","text-transform":"CT_CSS_SKIP_RULE","text-decoration":"CT_CSS_SKIP_RULE"},"pageTitleFontColor":{"default":{"color":"CT_CSS_SKIP_RULEDEFAULT"}},"pageMetaFont":{"family":"Default","variation":"n6","size":"12px","line-height":"1.3","letter-spacing":"CT_CSS_SKIP_RULE","text-transform":"uppercase","text-decoration":"CT_CSS_SKIP_RULE"},"pageMetaFontColor":{"default":{"color":"CT_CSS_SKIP_RULEDEFAULT"},"hover":{"color":"CT_CSS_SKIP_RULEDEFAULT"}},"pageExcerptFont":{"family":"Default","variation":"Default","size":"CT_CSS_SKIP_RULE","line-height":"CT_CSS_SKIP_RULE","letter-spacing":"CT_CSS_SKIP_RULE","text-transform":"CT_CSS_SKIP_RULE","text-decoration":"CT_CSS_SKIP_RULE"},"pageExcerptColor":{"default":{"color":"CT_CSS_SKIP_RULEDEFAULT"}},"breadcrumbsFont":{"family":"Default","variation":"n6","size":"12px","line-height":"CT_CSS_SKIP_RULE","letter-spacing":"CT_CSS_SKIP_RULE","text-transform":"uppercase","text-decoration":"CT_CSS_SKIP_RULE"},"breadcrumbsFontColor":{"default":{"color":"CT_CSS_SKIP_RULEDEFAULT"},"initial":{"color":"CT_CSS_SKIP_RULEDEFAULT"},"hover":{"color":"CT_CSS_SKIP_RULEDEFAULT"}},"pageTitleOverlay":{"default":{"color":"CT_CSS_SKIP_RULE"}},"pageTitleBackground":{"background_type":"color","background_pattern":"type-1","background_image":{"attachment_id":null,"x":0,"y":0},"gradient":"linear-gradient(135deg,rgba(6,147,227,1) 0%,rgb(155,81,224) 100%)","background_repeat":"no-repeat","background_size":"auto","background_attachment":"scroll","patternColor":{"default":{"color":"#e5e7ea"}},"overlayColor":{"default":{"color":"CT_CSS_SKIP_RULE"}},"backgroundColor":{"default":{"color":"#EDEFF2"}}},"pageTitlePadding":{"top":"50px","bottom":"50px","left":"auto","right":"auto","linked":true},"ddb925df560c9cbb68048ca9d32788f4":"","page_structure_type":"default","content_style":"inherit","vertical_spacing_source":"inherit","content_area_spacing":"both","background":{"background_type":"color","background_pattern":"type-1","background_image":{"attachment_id":null,"x":0,"y":0},"gradient":"linear-gradient(135deg,rgba(6,147,227,1) 0%,rgb(155,81,224) 100%)","background_repeat":"no-repeat","background_size":"auto","background_attachment":"scroll","patternColor":{"default":{"color":"#e5e7ea"}},"overlayColor":{"default":{"color":"CT_CSS_SKIP_RULE"}},"backgroundColor":{"default":{"color":"CT_CSS_SKIP_RULE"}}},"content_background":{"background_type":"color","background_pattern":"type-1","background_image":{"attachment_id":null,"x":0,"y":0},"gradient":"linear-gradient(135deg,rgba(6,147,227,1) 0%,rgb(155,81,224) 100%)","background_repeat":"no-repeat","background_size":"auto","background_attachment":"scroll","patternColor":{"default":{"color":"#e5e7ea"}},"overlayColor":{"default":{"color":"CT_CSS_SKIP_RULE"}},"backgroundColor":{"default":{"color":"#ffffff"}}},"content_boxed_shadow":{"inherit":false,"blur":18,"spread":-6,"v_offset":12,"h_offset":0,"inset":false,"enable":true,"color":{"color":"rgba(34, 56, 101, 0.04)"}},"boxed_content_spacing":{"desktop":{"top":"40px","bottom":"40px","left":"40px","right":"40px","linked":true},"tablet":{"top":"35px","bottom":"35px","left":"35px","right":"35px","linked":true},"mobile":{"top":"20px","bottom":"20px","left":"20px","right":"20px","linked":true}},"content_boxed_radius":{"top":"3px","bottom":"3px","left":"3px","right":"3px","linked":true},"2e07b535a2866f90956414f0ee269268":"","disable_featured_image":"no","disable_header":"no","disable_footer":"no","styles_descriptor":{"styles":{"desktop":"","tablet":"","mobile":""},"google_fonts":[],"version":6}},"featured_image_urls_v2":{"full":"","thumbnail":"","medium":"","medium_large":"","large":"","1536x1536":"","2048x2048":"","qubely_landscape":"","qubely_portrait":"","qubely_thumbnail":"","ultp_layout_landscape_large":"","ultp_layout_landscape":"","ultp_layout_portrait":"","ultp_layout_square":"","mailpoet_newsletter_max":""},"post_excerpt_stackable_v2":"<p>Fotografia modowa Znajdziesz tutaj moje realizacje wykonane dla wielu znanych marek modowych. MAKO Soul Label Moons Moda uliczna Bela Komoszy\u0144ska Yellow Meadow Lazy Monkey Moon Yoga Charlotte Rouge Fotografia modowa to jedna z uwielbianych przeze mnie dziedzin fotografii. Wykonane przeze mnie zdj\u0119cia modowe spowoduj\u0105 \u017ce sprzedawane przez Ciebie produkty czy kolekcje modowe b\u0119d\u0105 najatrakcyjniej zaprezentowane. Dobry fotograf modowy sposoby, aby zdj\u0119cia modowe by\u0142y naprawd\u0119 udane i aby zosta\u0142 osi\u0105gni\u0119ty zamierzony efekt w postaci wspania\u0142ej prezentacji. Modowe sesje zdj\u0119ciowe wykonywane u mnie mo\u017cna z grubsza podzieli\u0107 w zale\u017cno\u015bci od tematu lub typu zdj\u0119cia na: fashion, kt\u00f3re skupiaj\u0105 si\u0119 na&nbsp; odzie\u017cy; glamour,&hellip;<\/p>\n","category_list_v2":"","author_info_v2":{"name":"Rafa\u0142 Mazur","url":"https:\/\/natorce.com\/pl\/author\/naprawa\/"},"comments_num_v2":"0 comments","uagb_featured_image_src":{"full":false,"thumbnail":false,"medium":false,"medium_large":false,"large":false,"1536x1536":false,"2048x2048":false,"qubely_landscape":false,"qubely_portrait":false,"qubely_thumbnail":false,"ultp_layout_landscape_large":false,"ultp_layout_landscape":false,"ultp_layout_portrait":false,"ultp_layout_square":false,"mailpoet_newsletter_max":false},"uagb_author_info":{"display_name":"Rafa\u0142 Mazur","author_link":"https:\/\/natorce.com\/pl\/author\/naprawa\/"},"uagb_comment_info":0,"uagb_excerpt":"Fotografia modowa Znajdziesz tutaj moje realizacje wykonane dla wielu znanych marek modowych. Fotografia modowa to jedna z uwielbianych przeze mnie dziedzin fotografii. Wykonane przeze mnie zdj\u0119cia modowe spowoduj\u0105 \u017ce sprzedawane przez Ciebie produkty czy kolekcje modowe b\u0119d\u0105 najatrakcyjniej zaprezentowane. Dobry fotograf modowy sposoby, aby zdj\u0119cia modowe by\u0142y naprawd\u0119 udane i aby zosta\u0142 osi\u0105gni\u0119ty zamierzony efekt&hellip;","_links":{"self":[{"href":"https:\/\/natorce.com\/pl\/wp-json\/wp\/v2\/pages\/10160","targetHints":{"allow":["GET"]}}],"collection":[{"href":"https:\/\/natorce.com\/pl\/wp-json\/wp\/v2\/pages"}],"about":[{"href":"https:\/\/natorce.com\/pl\/wp-json\/wp\/v2\/types\/page"}],"author":[{"embeddable":true,"href":"https:\/\/natorce.com\/pl\/wp-json\/wp\/v2\/users\/8"}],"replies":[{"embeddable":true,"href":"https:\/\/natorce.com\/pl\/wp-json\/wp\/v2\/comments?post=10160"}],"version-history":[{"count":5,"href":"https:\/\/natorce.com\/pl\/wp-json\/wp\/v2\/pages\/10160\/revisions"}],"predecessor-version":[{"id":11099,"href":"https:\/\/natorce.com\/pl\/wp-json\/wp\/v2\/pages\/10160\/revisions\/11099"}],"wp:attachment":[{"href":"https:\/\/natorce.com\/pl\/wp-json\/wp\/v2\/media?parent=10160"}],"curies":[{"name":"wp","href":"https:\/\/api.w.org\/{rel}","templated":true}]}}