{"id":11289,"date":"2025-12-05T14:23:53","date_gmt":"2025-12-05T13:23:53","guid":{"rendered":"https:\/\/natorce.com\/?page_id=11289"},"modified":"2025-12-05T14:40:47","modified_gmt":"2025-12-05T13:40:47","slug":"strona-glowna-pl-fotograf-i-tworca-filmow","status":"publish","type":"page","link":"https:\/\/natorce.com\/pl\/","title":{"rendered":"Strona G\u0142\u00f3wna \u2013 PL \u2013 Fotograf i tw\u00f3rca film\u00f3w"},"content":{"rendered":"<div class=\"gb-container gb-container-2c2a5b8c\"><div class=\"gb-inside-container\">\n\n<h1 class=\"wp-block-heading has-text-align-center has-medium-font-size\" id=\"nat-orce-kontraktewicz-photographer-videographer\">Nat Orce (wcze\u015bniej Kontraktewicz) \/\/ fotografka &amp; tw\u00f3rczyni film\u00f3w<\/h1>\n\n\n<div class=\"gb-grid-wrapper gb-grid-wrapper-a023e6d1\">\n<div class=\"gb-grid-column gb-grid-column-83303bd6\"><div class=\"gb-container gb-container-83303bd6\"><div class=\"gb-inside-container\">\n\n<figure class=\"wp-block-image alignright size-large is-style-circle-mask\"><img decoding=\"async\" width=\"683\" height=\"1024\" src=\"https:\/\/natorce.com\/wp-content\/uploads\/2025\/12\/IMG_5018-683x1024.jpg\" alt=\"\" class=\"wp-image-11461\" srcset=\"https:\/\/natorce.com\/wp-content\/uploads\/2025\/12\/IMG_5018-683x1024.jpg 683w, https:\/\/natorce.com\/wp-content\/uploads\/2025\/12\/IMG_5018-200x300.jpg 200w, https:\/\/natorce.com\/wp-content\/uploads\/2025\/12\/IMG_5018-768x1152.jpg 768w, https:\/\/natorce.com\/wp-content\/uploads\/2025\/12\/IMG_5018-1024x1536.jpg 1024w, https:\/\/natorce.com\/wp-content\/uploads\/2025\/12\/IMG_5018-600x900.jpg 600w, https:\/\/natorce.com\/wp-content\/uploads\/2025\/12\/IMG_5018.jpg 1280w\" sizes=\"(max-width: 683px) 100vw, 683px\" \/><figcaption class=\"wp-element-caption\">fot. Natalia Miedziak-Skonieczna<\/figcaption><\/figure>\n\n<\/div><\/div><\/div>\n\n<div class=\"gb-grid-column gb-grid-column-c1028f83\"><div class=\"gb-container gb-container-c1028f83\"><div class=\"gb-inside-container\">\n\n<p style=\"margin-right:var(--wp--preset--spacing--40);margin-left:var(--wp--preset--spacing--40)\">Fotografka urodzona w \u201989, obserwuj\u0105ca \u015bwiat z dzieci\u0119c\u0105 ciekawo\u015bci\u0105 i otwartym sercem.<\/p>\n\n\n\n<p style=\"margin-right:var(--wp--preset--spacing--40);margin-left:var(--wp--preset--spacing--40)\">Dedykowa\u0142am moje \u017cycie, by uchwyci\u0107 na obrazach wszystko, co mnie porusza &#8211; od portretu, kobiecego cia\u0142a, przez mi\u0142o\u015b\u0107 i relacje mi\u0119dzy lud\u017ami do mody, muzyki i jedzenia. Pisz\u0119 i tworz\u0119 filmy. Wyda\u0142am dwie ksi\u0105\u017cki.<br><br><a href=\"https:\/\/natorce.com\/pl\/moja-historia\/\" target=\"_blank\" rel=\"noreferrer noopener\"><em>wi\u0119cej o mnie<\/em><\/a><\/p>\n\n<\/div><\/div><\/div>\n<\/div>\n<\/div><\/div>\n\n<div class=\"gb-container gb-container-70fac92f\"><div class=\"gb-inside-container\">\n\n<h1 class=\"wp-block-heading has-text-align-center has-medium-font-size\" id=\"nat-orce-kontraktewicz-photographer-videographer\">Wyda\u0142am samodzielnie m\u00f3j pierwszy album fotograficzny &#8222;<strong>TRUTH<\/strong>&#8222;!<\/h1>\n\n\n\n<p class=\"has-text-align-center\" style=\"font-size:clamp(14px, 0.875rem + ((1vw - 3.2px) * 0.156), 16px);\"><span data-fontsize=\"16\" style=\"font-size: 16px;\" class=\"qubely-custom-font\"><a href=\"https:\/\/shop.natorce.com\/art\/store\" target=\"_blank\" rel=\"noreferrer noopener\"><span style=\"color: #545454;\" class=\"stk-highlight\"><strong>Zam\u00f3w &#8222;TRUTH&#8221; z wysy\u0142k\u0105<\/strong><\/span><\/a> <\/span>i wesprzyj moj\u0105 prac\u0119<br><span data-fontsize=\"16\" style=\"font-size: 16px;\" class=\"qubely-custom-font\">lub odwied\u017a wyselekcjonowane sklepy i ksi\u0119garnie w Polsce (lista poni\u017cej)<\/span> <\/p>\n\n\n\n<figure class=\"wp-block-image aligncenter size-large is-style-default\"><a href=\"https:\/\/shop.natorce.com\/art\/store\"><img decoding=\"async\" width=\"1024\" height=\"694\" src=\"https:\/\/natorce.com\/wp-content\/uploads\/2024\/04\/okladka-cala-TRUTH-1024x694.jpg\" alt=\"\" class=\"wp-image-11307\" srcset=\"https:\/\/natorce.com\/wp-content\/uploads\/2024\/04\/okladka-cala-TRUTH-1024x694.jpg 1024w, https:\/\/natorce.com\/wp-content\/uploads\/2024\/04\/okladka-cala-TRUTH-300x203.jpg 300w, https:\/\/natorce.com\/wp-content\/uploads\/2024\/04\/okladka-cala-TRUTH-768x520.jpg 768w, https:\/\/natorce.com\/wp-content\/uploads\/2024\/04\/okladka-cala-TRUTH-1536x1040.jpg 1536w, https:\/\/natorce.com\/wp-content\/uploads\/2024\/04\/okladka-cala-TRUTH.jpg 1863w\" sizes=\"(max-width: 1024px) 100vw, 1024px\" \/><\/a><\/figure>\n\n\n\n<div style=\"height:0px\" aria-hidden=\"true\" class=\"wp-block-spacer\"><\/div>\n\n\n<div class=\"gb-container gb-container-5968105a\">\n<div class=\"gb-grid-wrapper gb-grid-wrapper-8b5a800e\">\n<div class=\"gb-grid-column gb-grid-column-9e6808c0\"><div class=\"gb-container gb-container-9e6808c0\"><div class=\"gb-inside-container\">\n\n<p><\/p>\n\n\n\n<p><strong>\u201cTRUTH\u201d<\/strong> to intymna ksi\u0105\u017cka, kt\u00f3ra ujawnia moje my\u015bli, uczucia i do\u015bwiadczenia poprzez fotografi\u0119 i tekst. Jest zar\u00f3wno osobistym pami\u0119tnikiem, jak i artystycznym albumem.<\/p>\n\n\n\n<p>Fotografie i notatki prezentowane w albumie pochodz\u0105 z lat 2017-2024. Ramy czasowe nie s\u0105 przypadkowe, oznaczaj\u0105 ogromne zmiany w moim \u017cyciu. Zapocz\u0105tkowa\u0142y one drog\u0119 samouzdrawiania poprzez prowadzenie dziennika, medytacj\u0119 i, po raz pierwszy od 16. roku \u017cycia, swobodne fotografowanie \u2014 przeciwie\u0144stwo konformizmu.<\/p>\n\n\n\n<p><a aria-label=\"more about me (opens in a new tab)\" href=\"https:\/\/natorce.com\/mystory\/\" target=\"_blank\" rel=\"noreferrer noopener\"><\/a><\/p>\n\n<\/div><\/div><\/div>\n\n<div class=\"gb-grid-column gb-grid-column-44640a46\"><div class=\"gb-container gb-container-44640a46\"><div class=\"gb-inside-container\">\n\n<div class=\"wp-block-stackable-button-group stk-block-button-group stk-block stk-a3f34f3\" data-block-id=\"a3f34f3\"><div class=\"stk-row stk-inner-blocks stk-block-content stk-button-group\">\n<div class=\"wp-block-stackable-button stk-block-button has-text-align-center stk-block stk-dc7ce9c\" data-block-id=\"dc7ce9c\"><style>.stk-dc7ce9c .stk-button .stk--inner-svg svg:last-child{height:34px !important;width:34px !important}<\/style><a class=\"stk-link stk-button stk--hover-effect-darken\" href=\"https:\/\/shop.natorce.com\/art\/store\/662a5003b93dbc14fcf8b219\" title=\"&quot;TRUTH&quot; by Nat Orce\" target=\"_blank\" rel=\"https:\/\/shop.natorce.com\/art\/store\/662a5003b93dbc14fcf8b219 noreferrer noopener\"><span class=\"stk-button__inner-text\">Zam\u00f3w sw\u00f3j album<\/span><\/a><\/div>\n<\/div><\/div>\n\n<\/div><\/div><\/div>\n\n<div class=\"gb-grid-column gb-grid-column-74c375b4\"><div class=\"gb-container gb-container-74c375b4\"><div class=\"gb-inside-container\">\n\n<figure class=\"wp-block-image aligncenter size-full\"><a href=\"https:\/\/shop.natorce.com\/art\/store\/662a5003b93dbc14fcf8b219\" target=\"_blank\" rel=\"noreferrer noopener\"><img decoding=\"async\" width=\"1374\" height=\"1920\" src=\"https:\/\/natorce.com\/wp-content\/uploads\/2024\/04\/TRUTH-obwoluta.png\" alt=\"\" class=\"wp-image-11308\" srcset=\"https:\/\/natorce.com\/wp-content\/uploads\/2024\/04\/TRUTH-obwoluta.png 1374w, https:\/\/natorce.com\/wp-content\/uploads\/2024\/04\/TRUTH-obwoluta-215x300.png 215w, https:\/\/natorce.com\/wp-content\/uploads\/2024\/04\/TRUTH-obwoluta-733x1024.png 733w, https:\/\/natorce.com\/wp-content\/uploads\/2024\/04\/TRUTH-obwoluta-768x1073.png 768w, https:\/\/natorce.com\/wp-content\/uploads\/2024\/04\/TRUTH-obwoluta-1099x1536.png 1099w\" sizes=\"(max-width: 1374px) 100vw, 1374px\" \/><\/a><\/figure>\n\n\n\n<p><\/p>\n\n<\/div><\/div><\/div>\n<\/div>\n<\/div>\n\n\n<h2 class=\"wp-block-heading has-text-align-left\" id=\"i-create-emotional-visual-love-stories\"><strong><a href=\"https:\/\/shop.natorce.com\/art\/store\">Zam\u00f3w &#8222;TRUTH&#8221; online<\/a><\/strong> z dostaw\u0105 mi\u0119dzynarodow\u0105.<\/h2>\n\n\n\n<p>Gdzie mo\u017cesz zobaczy\u0107, dotkn\u0105\u0107 i kupi\u0107 album:<\/p>\n\n\n\n<ul class=\"wp-block-list\">\n<li><a href=\"https:\/\/www.instagram.com\/najlepszaksiegarnia\/\" target=\"_blank\" rel=\"noreferrer noopener\">Najlepsza ksi\u0119garnia<\/a>, \u017boliborz, Warszawa<\/li>\n<\/ul>\n\n\n\n<ul class=\"wp-block-list\">\n<li><a href=\"https:\/\/slou.pl\/\" target=\"_blank\" rel=\"noreferrer noopener\">SLOU concept store<\/a>, Bielany, Warszawa<\/li>\n\n\n\n<li><a href=\"https:\/\/leicastore.pl\/kategoria-produktu\/ksiegarnia\/\" target=\"_blank\" data-type=\"link\" data-id=\"https:\/\/leicastore.pl\/kategoria-produktu\/ksiegarnia\/\" rel=\"noreferrer noopener\">Leica Store Warsaw<\/a>, Centrum, Warszawa<\/li>\n\n\n\n<li><a href=\"https:\/\/www.bookoff.pl\/\" data-type=\"link\" data-id=\"https:\/\/www.bookoff.pl\/\" target=\"_blank\" rel=\"noreferrer noopener\">Bookoff<\/a>, Wola, Warszawa<\/li>\n\n\n\n<li><a href=\"https:\/\/www.mocak.pl\/bookstore\" target=\"_blank\" rel=\"noreferrer noopener\">MOCAK Bookstore<\/a>, Krak\u00f3w<\/li>\n<\/ul>\n\n<\/div><\/div>\n\n<div class=\"gb-container gb-container-e81a3f14\"><div class=\"gb-inside-container\">\n\n<div id='gallery-1' class='gallery galleryid-11289 gallery-columns-1 gallery-size-large'><figure class='gallery-item'>\n\t\t\t<div class='gallery-icon landscape'>\n\t\t\t\t<a href=\"https:\/\/natorce.com\/pl\/?attachment_id=1308\"><img decoding=\"async\" width=\"1024\" height=\"683\" src=\"https:\/\/natorce.com\/wp-content\/uploads\/2019\/05\/natkontraktewicz05-1024x683.jpg\" class=\"attachment-large size-large\" alt=\"Portrait of a tattooed girl. Emotional portraiture. Finger tatoos, red lips. Freckled blonde girl.\" srcset=\"https:\/\/natorce.com\/wp-content\/uploads\/2019\/05\/natkontraktewicz05-1024x683.jpg 1024w, https:\/\/natorce.com\/wp-content\/uploads\/2019\/05\/natkontraktewicz05-300x200.jpg 300w, https:\/\/natorce.com\/wp-content\/uploads\/2019\/05\/natkontraktewicz05-768x512.jpg 768w, https:\/\/natorce.com\/wp-content\/uploads\/2019\/05\/natkontraktewicz05.jpg 1920w\" sizes=\"(max-width: 1024px) 100vw, 1024px\" \/><\/a>\n\t\t\t<\/div><\/figure>\n\t\t<\/div>\n\n\n<\/div><\/div>\n\n\n<h2 class=\"wp-block-heading has-text-align-center has-palette-color-5-color has-palette-color-1-background-color has-text-color has-background has-link-color wp-elements-f15c04c0d77127297aaecbd846ab0388\" id=\"i-create-emotional-visual-love-stories\">Tworz\u0119 wizualne historie zainspirowane prawd\u0105 i autentycznymi emocjami.<\/h2>\n\n\n\n<p class=\"has-text-align-center\" style=\"font-size:clamp(14px, 0.875rem + ((1vw - 3.2px) * 0.156), 16px);\">Szukasz fotografa i filmowca \u015blubnego? <a href=\"https:\/\/natorce.com\/love\/\"><strong>Napiszmy wsp\u00f3lnie <\/strong><\/a><strong><a href=\"https:\/\/natorce.com\/love\/\">Wasz\u0105 histori\u0119<\/a>!<\/strong><\/p>\n\n\n\n<figure class=\"wp-block-image aligncenter size-large is-style-default\"><img decoding=\"async\" width=\"800\" height=\"533\" src=\"https:\/\/natorce.com\/wp-content\/uploads\/2020\/01\/award800.jpg\" alt=\"Awarded wedding photographer. Best of destination wedding photography.  \" class=\"wp-image-6007\" srcset=\"https:\/\/natorce.com\/wp-content\/uploads\/2020\/01\/award800.jpg 800w, https:\/\/natorce.com\/wp-content\/uploads\/2020\/01\/award800-300x200.jpg 300w, https:\/\/natorce.com\/wp-content\/uploads\/2020\/01\/award800-768x512.jpg 768w\" sizes=\"(max-width: 800px) 100vw, 800px\" \/><\/figure>\n","protected":false},"excerpt":{"rendered":"<p>Nat Orce (wcze\u015bniej Kontraktewicz) \/\/ fotografka &amp; tw\u00f3rczyni film\u00f3w Wyda\u0142am samodzielnie m\u00f3j pierwszy album fotograficzny &#8222;TRUTH&#8222;! Zam\u00f3w &#8222;TRUTH&#8221; z wysy\u0142k\u0105 i wesprzyj moj\u0105 prac\u0119lub odwied\u017a wyselekcjonowane sklepy i ksi\u0119garnie w Polsce (lista poni\u017cej) Zam\u00f3w &#8222;TRUTH&#8221; online z dostaw\u0105 mi\u0119dzynarodow\u0105. Gdzie mo\u017cesz zobaczy\u0107, dotkn\u0105\u0107 i kupi\u0107 album: Tworz\u0119 wizualne historie zainspirowane prawd\u0105 i autentycznymi emocjami. Szukasz [&hellip;]<\/p>\n","protected":false},"author":2,"featured_media":0,"parent":0,"menu_order":0,"comment_status":"closed","ping_status":"closed","template":"","meta":{"qubely_global_settings":"","qubely_interactions":"","_uag_custom_page_level_css":"","_monsterinsights_skip_tracking":false,"_monsterinsights_sitenote_active":false,"_monsterinsights_sitenote_note":"","_monsterinsights_sitenote_category":0,"pgc_sgb_lightbox_settings":"","footnotes":""},"class_list":["post-11289","page","type-page","status-publish","hentry"],"blocksy_meta":{"styles_descriptor":{"styles":{"desktop":"","tablet":"","mobile":""},"google_fonts":[],"version":6}},"featured_image_urls_v2":{"full":"","thumbnail":"","medium":"","medium_large":"","large":"","1536x1536":"","2048x2048":"","qubely_landscape":"","qubely_portrait":"","qubely_thumbnail":"","ultp_layout_landscape_large":"","ultp_layout_landscape":"","ultp_layout_portrait":"","ultp_layout_square":"","mailpoet_newsletter_max":""},"post_excerpt_stackable_v2":"<p>Nat Orce (wcze\u015bniej Kontraktewicz) \/\/ fotografka &amp; tw\u00f3rczyni film\u00f3w fot. Natalia Miedziak-Skonieczna Fotografka urodzona w \u201989, obserwuj\u0105ca \u015bwiat z dzieci\u0119c\u0105 ciekawo\u015bci\u0105 i otwartym sercem. Dedykowa\u0142am moje \u017cycie, by uchwyci\u0107 na obrazach wszystko, co mnie porusza &#8211; od portretu, kobiecego cia\u0142a, przez mi\u0142o\u015b\u0107 i relacje mi\u0119dzy lud\u017ami do mody, muzyki i jedzenia. Pisz\u0119 i tworz\u0119 filmy. Wyda\u0142am dwie ksi\u0105\u017cki.wi\u0119cej o mnie Wyda\u0142am samodzielnie m\u00f3j pierwszy album fotograficzny &#8222;TRUTH&#8222;! Zam\u00f3w &#8222;TRUTH&#8221; z wysy\u0142k\u0105 i wesprzyj moj\u0105 prac\u0119lub odwied\u017a wyselekcjonowane sklepy i ksi\u0119garnie w Polsce (lista poni\u017cej) \u201cTRUTH\u201d to intymna ksi\u0105\u017cka, kt\u00f3ra ujawnia moje my\u015bli, uczucia i do\u015bwiadczenia poprzez fotografi\u0119 i tekst. Jest&hellip;<\/p>\n","category_list_v2":"","author_info_v2":{"name":"nat","url":"https:\/\/natorce.com\/pl\/author\/nat\/"},"comments_num_v2":"0 comments","uagb_featured_image_src":{"full":false,"thumbnail":false,"medium":false,"medium_large":false,"large":false,"1536x1536":false,"2048x2048":false,"qubely_landscape":false,"qubely_portrait":false,"qubely_thumbnail":false,"ultp_layout_landscape_large":false,"ultp_layout_landscape":false,"ultp_layout_portrait":false,"ultp_layout_square":false,"mailpoet_newsletter_max":false},"uagb_author_info":{"display_name":"nat","author_link":"https:\/\/natorce.com\/pl\/author\/nat\/"},"uagb_comment_info":0,"uagb_excerpt":"Nat Orce (wcze\u015bniej Kontraktewicz) \/\/ fotografka &amp; tw\u00f3rczyni film\u00f3w Wyda\u0142am samodzielnie m\u00f3j pierwszy album fotograficzny &#8222;TRUTH&#8222;! Zam\u00f3w &#8222;TRUTH&#8221; z wysy\u0142k\u0105 i wesprzyj moj\u0105 prac\u0119lub odwied\u017a wyselekcjonowane sklepy i ksi\u0119garnie w Polsce (lista poni\u017cej) Zam\u00f3w &#8222;TRUTH&#8221; online z dostaw\u0105 mi\u0119dzynarodow\u0105. Gdzie mo\u017cesz zobaczy\u0107, dotkn\u0105\u0107 i kupi\u0107 album: Tworz\u0119 wizualne historie zainspirowane prawd\u0105 i autentycznymi emocjami. Szukasz&hellip;","_links":{"self":[{"href":"https:\/\/natorce.com\/pl\/wp-json\/wp\/v2\/pages\/11289","targetHints":{"allow":["GET"]}}],"collection":[{"href":"https:\/\/natorce.com\/pl\/wp-json\/wp\/v2\/pages"}],"about":[{"href":"https:\/\/natorce.com\/pl\/wp-json\/wp\/v2\/types\/page"}],"author":[{"embeddable":true,"href":"https:\/\/natorce.com\/pl\/wp-json\/wp\/v2\/users\/2"}],"replies":[{"embeddable":true,"href":"https:\/\/natorce.com\/pl\/wp-json\/wp\/v2\/comments?post=11289"}],"version-history":[{"count":7,"href":"https:\/\/natorce.com\/pl\/wp-json\/wp\/v2\/pages\/11289\/revisions"}],"predecessor-version":[{"id":11472,"href":"https:\/\/natorce.com\/pl\/wp-json\/wp\/v2\/pages\/11289\/revisions\/11472"}],"wp:attachment":[{"href":"https:\/\/natorce.com\/pl\/wp-json\/wp\/v2\/media?parent=11289"}],"curies":[{"name":"wp","href":"https:\/\/api.w.org\/{rel}","templated":true}]}}