{"id":11475,"date":"2025-12-05T20:00:50","date_gmt":"2025-12-05T19:00:50","guid":{"rendered":"https:\/\/natorce.com\/warsztaty-fotograficzne-online\/"},"modified":"2025-12-09T21:30:19","modified_gmt":"2025-12-09T20:30:19","slug":"warsztaty-fotograficzne-online","status":"publish","type":"page","link":"https:\/\/natorce.com\/pl\/warsztaty-fotograficzne-online\/","title":{"rendered":"Podstawy fotografii online"},"content":{"rendered":"\n<h1 class=\"wp-block-heading has-text-align-center\"><strong>Warsztaty podstaw fotografii online<\/strong><\/h1>\n\n\n\n<p class=\"has-text-align-center\">Zapraszam na warsztaty z podstaw fotografii i obr\u00f3bki graficznej fotografii &#8211; 17. stycznia 2026.<\/p>\n\n\n\n<div class=\"wp-block-qubely-divider qubely-block-e35d06\"><div class=\"qubely-block-divider \"><svg xmlns=\"http:\/\/www.w3.org\/2000\/svg\" viewBox=\"0 0 240 40\" preserveAspectRatio=\"none\"><path d=\"M3.3 22.1c-.5-.2-.9-.5-1.3-.9-.3-.2-.5-.4-.8-.6.8-.7 1.5-1.3 2.3-2 .9-.7 1.8-1.6 2.4-2.6.1-.1.1-.2 0-.3-.1-.2-.3-.2-.5-.2-1.1.5-2 1.3-2.8 2.2-.8.9-1.7 1.7-2.5 2.5l-.1.1v.1c-.1.2-.1.5.2.6.5.3.9.5 1.4.8.4.3.9.6 1.2 1 .8.7 1.7 1.3 2.6 1.8.1.1.3 0 .4-.1.2-.1.2-.3.1-.5-.8-.8-1.6-1.4-2.6-1.9z\"><\/path><path d=\"M112.3 20c-4.5-.2-9-.3-13.5-.3-2.2 0-4.5-.1-6.7 0s-4.5.2-6.7.1c-4.5 0-9-.1-13.5-.2-1.1 0-2.2 0-3.4.1-1.1.1-2.2.1-3.4.2-2.2 0-4.5 0-6.7-.1-4.5-.1-9 0-13.5-.2-2.2-.1-4.5-.1-6.7 0s-4.5.3-6.7.3c-4.5.1-9-.1-13.5-.1s-9 0-13.5.2c-.1 0-.2.1-.2.2s.1.3.2.3c4.5.1 9 .2 13.5.2s9-.1 13.5-.1c2.2 0 4.5.2 6.7.3 2.2.1 4.5 0 6.7 0 4.5-.1 9 0 13.5-.2 2.2-.1 4.5-.1 6.7-.1 1.1 0 2.2.1 3.4.2 1.1 0 2.2.1 3.4.1 4.5-.1 9-.1 13.5-.2 2.2 0 4.5 0 6.7.1s4.5.1 6.7 0c4.5 0 9-.1 13.5-.3.1 0 .2-.1.2-.2 0-.2-.1-.3-.2-.3zM239.9 20.3c-.8-.9-1.7-1.7-2.5-2.6-.8-.9-1.7-1.7-2.8-2.2h-.3c-.2.1-.2.3-.1.5.6 1.1 1.4 1.9 2.4 2.6.8.6 1.5 1.3 2.3 2-.2.2-.5.4-.8.6-.4.3-.9.6-1.3.9-.9.5-1.8 1.2-2.5 2-.1.1-.1.2-.1.4.1.2.3.2.5.2 1-.5 1.9-1 2.6-1.8.4-.4.8-.7 1.2-1 .4-.3.9-.6 1.4-.8l.1-.1c0-.3.1-.6-.1-.7z\"><\/path><path d=\"M235.7 20.2c0-.1-.1-.3-.2-.3-4.5-.1-9-.2-13.5-.2s-9 .1-13.5.1c-2.2 0-4.5-.2-6.7-.3-2.2-.1-4.5 0-6.7 0-4.5.1-9 0-13.5.2-2.2.1-4.5.1-6.7.1-1.1 0-2.2-.1-3.4-.2-1.1 0-2.2-.1-3.4-.1-4.5.1-9 .1-13.5.2-2.2 0-4.5 0-6.7-.1s-4.5-.1-6.7 0c-4.5 0-9 .1-13.5.3-.1 0-.2.1-.2.2s.1.3.2.3c4.5.2 9 .3 13.5.3 2.2 0 4.5.1 6.7 0s4.5-.2 6.7-.1c4.5 0 9 .1 13.5.2 1.1 0 2.2 0 3.4-.1 1.1-.1 2.2-.1 3.4-.2 2.2 0 4.5 0 6.7.1 4.5.1 9 0 13.5.2 2.2.1 4.5.1 6.7 0s4.5-.3 6.7-.3c4.5-.1 9 .1 13.5.1s9 0 13.5-.2c.1 0 .2-.1.2-.2zM118.3 16.1c-.4.6-.8 1.2-1.1 1.8-.4.6-.4 1.3-.8 1.9l-.9 1.8c-.3.6-.5 1.3-.7 2 0 .2 0 .4.2.5.2.2.5.1.7-.1.4-.6.7-1.2 1-1.8.3-.6.5-1.3.8-1.9.2-.6.7-1.2.9-1.9.2-.6.5-1.3.6-2 0-.2 0-.3-.2-.4-.1-.1-.4-.1-.5.1zM124.4 16.1c-.4.6-.8 1.2-1.1 1.8-.4.6-.4 1.3-.8 1.9l-.9 1.8c-.3.6-.5 1.3-.7 2 0 .2 0 .4.2.5.2.2.5.1.7-.1.4-.6.7-1.2 1-1.8.3-.6.5-1.3.8-1.9.2-.6.7-1.2.9-1.9.2-.6.5-1.3.6-2 0-.2 0-.3-.2-.4-.1-.1-.3-.1-.5.1z\"><\/path><\/svg><\/div><\/div>\n\n\n\n<figure class=\"wp-block-gallery has-nested-images columns-default is-cropped wp-block-gallery-1 is-layout-flex wp-block-gallery-is-layout-flex\">\n<figure class=\"wp-block-image size-large\"><img decoding=\"async\" width=\"683\" height=\"1024\" data-id=\"8473\" src=\"https:\/\/natorce.com\/wp-content\/uploads\/2019\/05\/Campaign-07-683x1024.jpg\" alt=\"\" class=\"wp-image-8473\" srcset=\"https:\/\/natorce.com\/wp-content\/uploads\/2019\/05\/Campaign-07-683x1024.jpg 683w, https:\/\/natorce.com\/wp-content\/uploads\/2019\/05\/Campaign-07-200x300.jpg 200w, https:\/\/natorce.com\/wp-content\/uploads\/2019\/05\/Campaign-07-768x1152.jpg 768w, https:\/\/natorce.com\/wp-content\/uploads\/2019\/05\/Campaign-07.jpg 800w\" sizes=\"(max-width: 683px) 100vw, 683px\" \/><\/figure>\n\n\n\n<figure class=\"wp-block-image size-large\"><img decoding=\"async\" width=\"682\" height=\"1024\" data-id=\"6353\" src=\"https:\/\/natorce.com\/wp-content\/uploads\/2020\/03\/lesbian-love-story-nat-kontraktewicz39-682x1024.jpg\" alt=\"\" class=\"wp-image-6353\" srcset=\"https:\/\/natorce.com\/wp-content\/uploads\/2020\/03\/lesbian-love-story-nat-kontraktewicz39-682x1024.jpg 682w, https:\/\/natorce.com\/wp-content\/uploads\/2020\/03\/lesbian-love-story-nat-kontraktewicz39-200x300.jpg 200w, https:\/\/natorce.com\/wp-content\/uploads\/2020\/03\/lesbian-love-story-nat-kontraktewicz39-768x1152.jpg 768w, https:\/\/natorce.com\/wp-content\/uploads\/2020\/03\/lesbian-love-story-nat-kontraktewicz39.jpg 933w\" sizes=\"(max-width: 682px) 100vw, 682px\" \/><\/figure>\n\n\n\n<figure class=\"wp-block-image size-large\"><img decoding=\"async\" width=\"683\" height=\"1024\" data-id=\"5785\" src=\"https:\/\/natorce.com\/wp-content\/uploads\/2019\/12\/Sycylia06-683x1024.jpg\" alt=\"\" class=\"wp-image-5785\" srcset=\"https:\/\/natorce.com\/wp-content\/uploads\/2019\/12\/Sycylia06-683x1024.jpg 683w, https:\/\/natorce.com\/wp-content\/uploads\/2019\/12\/Sycylia06-200x300.jpg 200w, https:\/\/natorce.com\/wp-content\/uploads\/2019\/12\/Sycylia06-768x1152.jpg 768w, https:\/\/natorce.com\/wp-content\/uploads\/2019\/12\/Sycylia06.jpg 800w\" sizes=\"(max-width: 683px) 100vw, 683px\" \/><\/figure>\n<\/figure>\n\n\n\n<h2 class=\"wp-block-heading has-luminous-vivid-amber-background-color has-background\"><strong>17 stycznia<\/strong>, 10.00-18.00<br>warsztaty online na platformie Google Meet<br><strong>Cena promocyjna za ca\u0142y dzie\u0144 warsztat\u00f3w<\/strong> &#8211; 700 z\u0142<\/h2>\n\n\n\n<h3 class=\"wp-block-heading has-text-align-left\"><strong>CZ\u0118\u015a\u0106 1.<\/strong> <strong>WARSZTATY Z PODSTAW FOTOGRAFII <\/strong><br><strong>10.00-14.00 \/ 400 z\u0142<\/strong><\/h3>\n\n\n\n<p>  <strong>I. Podstawy \u015bwiadomego fotografowania<\/strong><\/p>\n\n\n\n<ol class=\"wp-block-list\">\n<li>Rodzaje aparat\u00f3w<\/li>\n\n\n\n<li>Budowa obiektywu<\/li>\n\n\n\n<li>Rodzaje matryc<\/li>\n\n\n\n<li>Ustawienia aparatu<\/li>\n\n\n\n<li>Rodzaje zapisu i kompresji zdj\u0119\u0107<\/li>\n\n\n\n<li>Tryby fotografowania w aparacie<\/li>\n\n\n\n<li>Wprowadzenie do obs\u0142ugi aparatu w trybie manualnym<\/li>\n\n\n\n<li>Pomiar \u015bwiat\u0142a zastanego<\/li>\n\n\n\n<li>Komponowanie obrazu<\/li>\n\n\n\n<li>Rodzaje plan\u00f3w<br><br><strong>II. Podstawy kalibracji monitora i obr\u00f3bki graficznej fotografii w programie Adobe Lightroom<\/strong><\/li>\n<\/ol>\n\n\n\n<h3 class=\"wp-block-heading has-text-align-left\"><strong>CZ\u0118\u015a\u0106 2.<\/strong> <strong>Zaawansowana obr\u00f3bka graficzna fotografii <strong>w programie Adobe Lightroom<\/strong> i Adobe Photoshop<br>15.00-18.00 \/ 400 z\u0142<\/strong><\/h3>\n\n\n\n<ol class=\"wp-block-list\">\n<li>Korekta barwna &#8211; jak uzyska\u0107 konsekwentny styl<\/li>\n\n\n\n<li>Tworzenie w\u0142asnych preset\u00f3w, czyli automatycznych ustawie\u0144 post-produkcji<\/li>\n\n\n\n<li>Diabe\u0142 tkwi w szczeg\u00f3\u0142ach &#8211; o czym pami\u0119ta\u0107 przy obr\u00f3bce zdj\u0119\u0107<\/li>\n\n\n\n<li>Praktyczne porady jak dobrze zorganizowa\u0107 i przyspieszy\u0107 prac\u0119 z fotografiami<\/li>\n\n\n\n<li>Przechowywanie i back-up fotografii.<\/li>\n\n\n\n<li>Podstawowe narz\u0119dzia w Adobe Photoshop &#8211; retusz, fotomonta\u017c<\/li>\n\n\n\n<li>Pytania i odpowiedzi, indywidualne konsultacje<\/li>\n<\/ol>\n\n\n\n<p class=\"has-luminous-vivid-amber-background-color has-background\"><strong>Zapisz si\u0119 wysy\u0142aj\u0105c imi\u0119, nazwisko, nr tel, wyb\u00f3r warsztatu oraz dane do faktury na <a href=\"mailto:hi@kontraktewicz.com\">hi@natorce.com<\/a><\/strong><\/p>\n\n\n\n<figure class=\"wp-block-gallery has-nested-images columns-default is-cropped wp-block-gallery-2 is-layout-flex wp-block-gallery-is-layout-flex\">\n<figure class=\"wp-block-image size-large\"><img decoding=\"async\" width=\"683\" height=\"1024\" data-id=\"9034\" src=\"https:\/\/natorce.com\/wp-content\/uploads\/2020\/08\/portovenere-wedding-cinque-terre130-683x1024.jpg\" alt=\"\" class=\"wp-image-9034\" srcset=\"https:\/\/natorce.com\/wp-content\/uploads\/2020\/08\/portovenere-wedding-cinque-terre130-683x1024.jpg 683w, https:\/\/natorce.com\/wp-content\/uploads\/2020\/08\/portovenere-wedding-cinque-terre130-200x300.jpg 200w, https:\/\/natorce.com\/wp-content\/uploads\/2020\/08\/portovenere-wedding-cinque-terre130-768x1152.jpg 768w, https:\/\/natorce.com\/wp-content\/uploads\/2020\/08\/portovenere-wedding-cinque-terre130.jpg 800w\" sizes=\"(max-width: 683px) 100vw, 683px\" \/><\/figure>\n\n\n\n<figure class=\"wp-block-image size-large\"><img decoding=\"async\" width=\"683\" height=\"1024\" data-id=\"8687\" src=\"https:\/\/natorce.com\/wp-content\/uploads\/2020\/07\/portraits-nat-kontraktewicz22-683x1024.jpg\" alt=\"\" class=\"wp-image-8687\" srcset=\"https:\/\/natorce.com\/wp-content\/uploads\/2020\/07\/portraits-nat-kontraktewicz22-683x1024.jpg 683w, https:\/\/natorce.com\/wp-content\/uploads\/2020\/07\/portraits-nat-kontraktewicz22-200x300.jpg 200w, https:\/\/natorce.com\/wp-content\/uploads\/2020\/07\/portraits-nat-kontraktewicz22-768x1152.jpg 768w, https:\/\/natorce.com\/wp-content\/uploads\/2020\/07\/portraits-nat-kontraktewicz22.jpg 800w\" sizes=\"(max-width: 683px) 100vw, 683px\" \/><\/figure>\n\n\n\n<figure class=\"wp-block-image size-large\"><img decoding=\"async\" width=\"682\" height=\"1024\" data-id=\"8082\" src=\"https:\/\/natorce.com\/wp-content\/uploads\/2019\/06\/marin-headlands22-682x1024.jpg\" alt=\"elopement photography\" class=\"wp-image-8082\" srcset=\"https:\/\/natorce.com\/wp-content\/uploads\/2019\/06\/marin-headlands22-682x1024.jpg 682w, https:\/\/natorce.com\/wp-content\/uploads\/2019\/06\/marin-headlands22-200x300.jpg 200w, https:\/\/natorce.com\/wp-content\/uploads\/2019\/06\/marin-headlands22-768x1152.jpg 768w, https:\/\/natorce.com\/wp-content\/uploads\/2019\/06\/marin-headlands22.jpg 933w\" sizes=\"(max-width: 682px) 100vw, 682px\" \/><figcaption class=\"wp-element-caption\"><br><\/figcaption><\/figure>\n<\/figure>\n\n\n\n<p class=\"has-luminous-vivid-amber-background-color has-background\"><strong>Zapraszam r\u00f3wnie\u017c na warsztaty indywidualne &#8211; mentoring &#8211; <\/strong>biznesowe lub prywatne z zakresu podstaw fotografii, portretu, reporta\u017cu\/fotografii \u015blubnej, obr\u00f3bki\/post-produkcji zdj\u0119\u0107.<strong> <a href=\"mailto:hi@natorce.com\">Napisz do mnie<\/a> opisuj\u0105c swoje potrzeby<\/strong> lub <a href=\"\/mentoring\"><strong>zapoznaj si\u0119 z gotowymi pakietami wsparcia<\/strong><\/a>.<\/p>\n","protected":false},"excerpt":{"rendered":"<p>Warsztaty podstaw fotografii online Zapraszam na warsztaty z podstaw fotografii i obr\u00f3bki graficznej fotografii &#8211; 17. stycznia 2026. 17 stycznia, 10.00-18.00warsztaty online na platformie Google MeetCena promocyjna za ca\u0142y dzie\u0144 warsztat\u00f3w &#8211; 700 z\u0142 CZ\u0118\u015a\u0106 1. WARSZTATY Z PODSTAW FOTOGRAFII 10.00-14.00 \/ 400 z\u0142 I. Podstawy \u015bwiadomego fotografowania CZ\u0118\u015a\u0106 2. Zaawansowana obr\u00f3bka graficzna fotografii w [&hellip;]<\/p>\n","protected":false},"author":2,"featured_media":0,"parent":0,"menu_order":0,"comment_status":"closed","ping_status":"closed","template":"","meta":{"qubely_global_settings":"","qubely_interactions":"","_uag_custom_page_level_css":"","_monsterinsights_skip_tracking":false,"_monsterinsights_sitenote_active":false,"_monsterinsights_sitenote_note":"","_monsterinsights_sitenote_category":0,"pgc_sgb_lightbox_settings":"","footnotes":""},"class_list":["post-11475","page","type-page","status-publish","hentry"],"blocksy_meta":{"styles_descriptor":{"styles":{"desktop":"","tablet":"","mobile":""},"google_fonts":[],"version":6}},"featured_image_urls_v2":{"full":"","thumbnail":"","medium":"","medium_large":"","large":"","1536x1536":"","2048x2048":"","qubely_landscape":"","qubely_portrait":"","qubely_thumbnail":"","ultp_layout_landscape_large":"","ultp_layout_landscape":"","ultp_layout_portrait":"","ultp_layout_square":"","mailpoet_newsletter_max":""},"post_excerpt_stackable_v2":"<p>Warsztaty podstaw fotografii online Zapraszam na warsztaty z podstaw fotografii i obr\u00f3bki graficznej fotografii &#8211; 17. stycznia 2026. 17 stycznia, 10.00-18.00warsztaty online na platformie Google MeetCena promocyjna za ca\u0142y dzie\u0144 warsztat\u00f3w &#8211; 700 z\u0142 CZ\u0118\u015a\u0106 1. WARSZTATY Z PODSTAW FOTOGRAFII 10.00-14.00 \/ 400 z\u0142 I. Podstawy \u015bwiadomego fotografowania Rodzaje aparat\u00f3w Budowa obiektywu Rodzaje matryc Ustawienia aparatu Rodzaje zapisu i kompresji zdj\u0119\u0107 Tryby fotografowania w aparacie Wprowadzenie do obs\u0142ugi aparatu w trybie manualnym Pomiar \u015bwiat\u0142a zastanego Komponowanie obrazu Rodzaje plan\u00f3wII. Podstawy kalibracji monitora i obr\u00f3bki graficznej fotografii w programie Adobe Lightroom CZ\u0118\u015a\u0106 2. Zaawansowana obr\u00f3bka graficzna fotografii w programie Adobe Lightroom&hellip;<\/p>\n","category_list_v2":"","author_info_v2":{"name":"nat","url":"https:\/\/natorce.com\/pl\/author\/nat\/"},"comments_num_v2":"0 comments","uagb_featured_image_src":{"full":false,"thumbnail":false,"medium":false,"medium_large":false,"large":false,"1536x1536":false,"2048x2048":false,"qubely_landscape":false,"qubely_portrait":false,"qubely_thumbnail":false,"ultp_layout_landscape_large":false,"ultp_layout_landscape":false,"ultp_layout_portrait":false,"ultp_layout_square":false,"mailpoet_newsletter_max":false},"uagb_author_info":{"display_name":"nat","author_link":"https:\/\/natorce.com\/pl\/author\/nat\/"},"uagb_comment_info":0,"uagb_excerpt":"Warsztaty podstaw fotografii online Zapraszam na warsztaty z podstaw fotografii i obr\u00f3bki graficznej fotografii &#8211; 17. stycznia 2026. 17 stycznia, 10.00-18.00warsztaty online na platformie Google MeetCena promocyjna za ca\u0142y dzie\u0144 warsztat\u00f3w &#8211; 700 z\u0142 CZ\u0118\u015a\u0106 1. WARSZTATY Z PODSTAW FOTOGRAFII 10.00-14.00 \/ 400 z\u0142 I. Podstawy \u015bwiadomego fotografowania CZ\u0118\u015a\u0106 2. Zaawansowana obr\u00f3bka graficzna fotografii w&hellip;","_links":{"self":[{"href":"https:\/\/natorce.com\/pl\/wp-json\/wp\/v2\/pages\/11475","targetHints":{"allow":["GET"]}}],"collection":[{"href":"https:\/\/natorce.com\/pl\/wp-json\/wp\/v2\/pages"}],"about":[{"href":"https:\/\/natorce.com\/pl\/wp-json\/wp\/v2\/types\/page"}],"author":[{"embeddable":true,"href":"https:\/\/natorce.com\/pl\/wp-json\/wp\/v2\/users\/2"}],"replies":[{"embeddable":true,"href":"https:\/\/natorce.com\/pl\/wp-json\/wp\/v2\/comments?post=11475"}],"version-history":[{"count":2,"href":"https:\/\/natorce.com\/pl\/wp-json\/wp\/v2\/pages\/11475\/revisions"}],"predecessor-version":[{"id":11531,"href":"https:\/\/natorce.com\/pl\/wp-json\/wp\/v2\/pages\/11475\/revisions\/11531"}],"wp:attachment":[{"href":"https:\/\/natorce.com\/pl\/wp-json\/wp\/v2\/media?parent=11475"}],"curies":[{"name":"wp","href":"https:\/\/api.w.org\/{rel}","templated":true}]}}