{"id":11511,"date":"2021-04-20T17:28:00","date_gmt":"2021-04-20T15:28:00","guid":{"rendered":"https:\/\/natorce.com\/warsztaty-fotograficzne\/"},"modified":"2026-03-23T13:58:00","modified_gmt":"2026-03-23T12:58:00","slug":"warsztaty-fotograficzne","status":"publish","type":"page","link":"https:\/\/natorce.com\/pl\/warsztaty-fotograficzne\/","title":{"rendered":"Warsztaty fotograficzne"},"content":{"rendered":"\n<h1 class=\"wp-block-heading has-text-align-center\"><strong>Warsztaty fotograficzne Nat Orce<\/strong><\/h1>\n\n\n\n<p class=\"has-text-align-center\">Zapraszam na grupowe warsztaty z podstaw fotografii oraz warsztaty portretu dla fotografek. Oferuj\u0119 indywidualne spotkania, w tym mentoring.<\/p>\n\n\n\n<div class=\"wp-block-stackable-feature stk-block-feature stk-block stk-30f32df is-style-default\" data-v=\"2\" data-block-id=\"30f32df\"><style>.stk-30f32df {--stk-feature-flex-wrap:nowrap !important;}<\/style><div class=\"stk-content-align stk-30f32df-column stk-container stk-30f32df-container stk--no-background stk--no-padding\"><div class=\"stk-inner-blocks stk-block-content stk-row\">\n<div class=\"wp-block-stackable-column stk-block-column stk-column stk-block stk-0b8556f\" data-v=\"4\" data-block-id=\"0b8556f\"><style>.stk-0b8556f {align-self:center !important;}<\/style><div class=\"stk-column-wrapper stk-block-column__content stk-container stk-0b8556f-container stk--no-background stk--no-padding\"><div class=\"stk-block-content stk-inner-blocks stk-0b8556f-inner-blocks\">\n<div class=\"wp-block-stackable-image stk-block-image stk-block stk-48258f0\" data-block-id=\"48258f0\"><figure><a class=\"stk-link\" href=\"https:\/\/natorce.com\/pl\/live-breathe-create\/\"><span class=\"stk-img-wrapper stk-image--shape-stretch\"><img decoding=\"async\" class=\"stk-img wp-image-6385\" src=\"https:\/\/natorce.com\/wp-content\/uploads\/2020\/03\/JoannaMudrowska-NatKontraktewicz13.jpg\" width=\"800\" height=\"1200\" alt=\"warsztaty portretu, warsztaty nat orce, fotografia portretowa od zera, nauka fotografii\" srcset=\"https:\/\/natorce.com\/wp-content\/uploads\/2020\/03\/JoannaMudrowska-NatKontraktewicz13.jpg 800w, https:\/\/natorce.com\/wp-content\/uploads\/2020\/03\/JoannaMudrowska-NatKontraktewicz13-200x300.jpg 200w, https:\/\/natorce.com\/wp-content\/uploads\/2020\/03\/JoannaMudrowska-NatKontraktewicz13-683x1024.jpg 683w, https:\/\/natorce.com\/wp-content\/uploads\/2020\/03\/JoannaMudrowska-NatKontraktewicz13-768x1152.jpg 768w\" sizes=\"(max-width: 800px) 100vw, 800px\" \/><\/span><\/a><\/figure><\/div>\n<\/div><\/div><\/div>\n\n\n\n<div class=\"wp-block-stackable-column stk-block-column stk-column stk-block stk-4092e9e\" data-v=\"4\" data-block-id=\"4092e9e\"><style>.stk-4092e9e {align-self:center !important;}<\/style><div class=\"stk-column-wrapper stk-block-column__content stk-container stk-4092e9e-container stk--no-background stk--no-padding\"><div class=\"stk-block-content stk-inner-blocks stk-4092e9e-inner-blocks\">\n<div class=\"wp-block-stackable-heading stk-block-heading stk-block-heading--v2 stk-block stk-f92ea6b\" id=\"a-href-https-natorce-com-live-breathe-create-data-type-page-data-id-11497-strong-live-authentically-strong-br-strong-breathe-fully-strong-br-strong-create-strong-a\" data-block-id=\"f92ea6b\"><h2 class=\"stk-block-heading__text has-text-align-center\"><a href=\"https:\/\/natorce.com\/pl\/live-breathe-create\/\" data-type=\"page\" data-id=\"11497\"><strong>Live.authentically.<\/strong><br><strong>Breathe fully.<\/strong><br><strong>Create.<\/strong><\/a><\/h2><\/div>\n\n\n\n<h2 class=\"wp-block-heading has-text-align-center\"><strong>Masterclass dla fotografek<\/strong><br>\u2013 <strong>portret i to\u017csamo\u015b\u0107 artystyczna<\/strong> \u2013<\/h2>\n\n\n\n<p class=\"has-text-align-center\">Prowadz\u0105ce<br><strong><a href=\"https:\/\/www.instagram.com\/nat.orce\/\" target=\"_blank\" rel=\"noreferrer noopener\">Nat Orce<\/a><\/strong><br><strong><a href=\"https:\/\/cialobrazy.com\" target=\"_blank\" rel=\"noreferrer noopener\">Natalia Miedziak-Skonieczna<\/a><\/strong><\/p>\n\n\n\n<p class=\"has-text-align-center\"><em>Warszawa<\/em> \/ <em>16-17 maja 2026<\/em><\/p>\n\n\n\n<div class=\"wp-block-stackable-button-group stk-block-button-group stk-block stk-d27a101\" data-block-id=\"d27a101\"><div class=\"stk-row stk-inner-blocks has-text-align-center stk-block-content stk-button-group\">\n<div class=\"wp-block-stackable-button stk-block-button has-text-align-center stk-block stk-a38e93f\" data-block-id=\"a38e93f\"><a class=\"stk-link stk-button stk--hover-effect-darken\" href=\"https:\/\/natorce.com\/pl\/live-breathe-create\/\" title=\"szczeg\u00f3\u0142y\" rel=\"masterclass dla fotografek\"><span class=\"stk-button__inner-text\">szczeg\u00f3\u0142y<\/span><\/a><\/div>\n<\/div><\/div>\n<\/div><\/div><\/div>\n<\/div><\/div><\/div>\n\n\n\n<div class=\"wp-block-stackable-feature stk-block-feature stk-block stk-09ec53f is-style-default\" data-v=\"2\" data-block-id=\"09ec53f\"><style>.stk-09ec53f {--stk-feature-flex-wrap:nowrap !important;}<\/style><div class=\"stk-content-align stk-09ec53f-column stk-container stk-09ec53f-container stk--no-background stk--no-padding\"><div class=\"stk-inner-blocks stk-block-content stk-row\">\n<div class=\"wp-block-stackable-column stk-block-column stk-column stk-block stk-5b674d3\" data-v=\"4\" data-block-id=\"5b674d3\"><style>.stk-5b674d3 {align-self:center !important;}<\/style><div class=\"stk-column-wrapper stk-block-column__content stk-container stk-5b674d3-container stk--no-background stk--no-padding\"><div class=\"stk-block-content stk-inner-blocks stk-5b674d3-inner-blocks\">\n<div class=\"wp-block-stackable-image stk-block-image stk-block stk-a109d8f\" data-block-id=\"a109d8f\"><style>.stk-a109d8f .stk-img-wrapper img{object-position:13% 83% !important;}<\/style><figure><span class=\"stk-img-wrapper stk-image--shape-stretch\"><img decoding=\"async\" class=\"stk-img wp-image-5790\" src=\"https:\/\/natorce.com\/wp-content\/uploads\/2019\/12\/Sycylia11.jpg\" width=\"150\" height=\"300\" alt=\"mentoring fotograficzny, warsztaty zaawansowane dla fotograf\u00f3w, rozw\u00f3j fotografa, mentoring\"\/><\/span><\/figure><\/div>\n<\/div><\/div><\/div>\n\n\n\n<div class=\"wp-block-stackable-column stk-block-column stk-column stk-block stk-0862ba6\" data-v=\"4\" data-block-id=\"0862ba6\"><style>.stk-0862ba6 {align-self:center !important;}<\/style><div class=\"stk-column-wrapper stk-block-column__content stk-container stk-0862ba6-container stk--no-background stk--no-padding\"><div class=\"stk-block-content stk-inner-blocks stk-0862ba6-inner-blocks\">\n<div class=\"wp-block-stackable-heading stk-block-heading stk-block-heading--v2 stk-block stk-2841412\" id=\"strong-a-href-https-natorce-com-mentoring-fotograficzny-data-type-page-data-id-11477-mentoring-fotograficzny-1-1-a-strong\" data-block-id=\"2841412\"><h2 class=\"stk-block-heading__text has-text-align-center\"><strong><a href=\"https:\/\/natorce.com\/pl\/mentoring-fotograficzny\/\" data-type=\"page\" data-id=\"11477\">Mentoring fotograficzny 1:1<\/a><\/strong><\/h2><\/div>\n\n\n\n<div class=\"wp-block-stackable-text stk-block-text stk-block stk-1ef774c\" data-block-id=\"1ef774c\"><p class=\"stk-block-text__text has-text-align-center\">Wybierz roczny program mentoringu, czyli indywidualnego wsparcia lub dora\u017an\u0105 pomoc w postaci 1-godzinnej konsultacji.<\/p><\/div>\n\n\n\n<div class=\"wp-block-stackable-button-group stk-block-button-group stk-block stk-12fab63\" data-block-id=\"12fab63\"><div class=\"stk-row stk-inner-blocks has-text-align-center stk-block-content stk-button-group\">\n<div class=\"wp-block-stackable-button stk-block-button stk-block stk-7170018\" data-block-id=\"7170018\"><a class=\"stk-link stk-button stk--hover-effect-darken\" href=\"https:\/\/natorce.com\/pl\/mentoring-fotograficzny\/\" title=\"szczeg\u00f3\u0142y\" rel=\"mentoring fotograficzny\"><span class=\"stk-button__inner-text\">szczeg\u00f3\u0142y<\/span><\/a><\/div>\n<\/div><\/div>\n<\/div><\/div><\/div>\n<\/div><\/div><\/div>\n\n\n\n<div class=\"wp-block-stackable-feature stk-block-feature stk-block stk-a6c5c37 is-style-default\" data-v=\"2\" data-block-id=\"a6c5c37\"><style>.stk-a6c5c37 {--stk-feature-flex-wrap:nowrap !important;}<\/style><div class=\"stk-content-align stk-a6c5c37-column stk-container stk-a6c5c37-container stk--no-background stk--no-padding\"><div class=\"stk-inner-blocks stk-block-content stk-row\">\n<div class=\"wp-block-stackable-column stk-block-column stk-column stk-block stk-16f54ef\" data-v=\"4\" data-block-id=\"16f54ef\"><style>.stk-16f54ef {align-self:center !important;}<\/style><div class=\"stk-column-wrapper stk-block-column__content stk-container stk-16f54ef-container stk--no-background stk--no-padding\"><div class=\"stk-block-content stk-inner-blocks stk-16f54ef-inner-blocks\">\n<div class=\"wp-block-stackable-image stk-block-image stk-block stk-6510073\" data-block-id=\"6510073\"><figure><span class=\"stk-img-wrapper stk-image--shape-stretch\"><img decoding=\"async\" class=\"stk-img wp-image-11240\" src=\"https:\/\/natorce.com\/wp-content\/uploads\/2024\/01\/000016850030-kopia-2-edited.jpg\" width=\"716\" height=\"955\" alt=\"portret dziecka, fotografia rodzinna, nauka fotografii, warsztaty fotograficzne, fotografia analogowa\" srcset=\"https:\/\/natorce.com\/wp-content\/uploads\/2024\/01\/000016850030-kopia-2-edited.jpg 716w, https:\/\/natorce.com\/wp-content\/uploads\/2024\/01\/000016850030-kopia-2-edited-225x300.jpg 225w\" sizes=\"(max-width: 716px) 100vw, 716px\" \/><\/span><\/figure><\/div>\n<\/div><\/div><\/div>\n\n\n\n<div class=\"wp-block-stackable-column stk-block-column stk-column stk-block stk-0c7b6b0\" data-v=\"4\" data-block-id=\"0c7b6b0\"><style>.stk-0c7b6b0 {align-self:center !important;}<\/style><div class=\"stk-column-wrapper stk-block-column__content stk-container stk-0c7b6b0-container stk--no-background stk--no-padding\"><div class=\"stk-block-content stk-inner-blocks stk-0c7b6b0-inner-blocks\">\n<div class=\"wp-block-stackable-heading stk-block-heading stk-block-heading--v2 stk-block stk-ecf42d8\" id=\"a-href-https-natorce-com-warsztaty-fotograficzne-online-data-type-page-data-id-10482-strong-podstawy-fotografii-i-obrobki-graficznej-strong-a\" data-block-id=\"ecf42d8\"><h2 class=\"stk-block-heading__text has-text-align-center\"><a href=\"https:\/\/natorce.com\/pl\/warsztaty-fotograficzne-online\/\" data-type=\"page\" data-id=\"10482\"><strong>Podstawy fotografii i obr\u00f3bki graficznej<\/strong><\/a><\/h2><\/div>\n\n\n\n<div class=\"wp-block-stackable-text stk-block-text stk-block stk-de20f27\" data-block-id=\"de20f27\"><p class=\"stk-block-text__text has-text-align-center\">17. stycznia 2026<br><em>grupa online<\/em><\/p><\/div>\n\n\n\n<div class=\"wp-block-stackable-button-group stk-block-button-group stk-block stk-3a61f2b\" data-block-id=\"3a61f2b\"><div class=\"stk-row stk-inner-blocks has-text-align-center stk-block-content stk-button-group\">\n<div class=\"wp-block-stackable-button stk-block-button stk-block stk-1a1cd35\" data-block-id=\"1a1cd35\"><a class=\"stk-link stk-button stk--hover-effect-darken\" href=\"https:\/\/natorce.com\/pl\/warsztaty-fotograficzne-online\/\" title=\"szczeg\u00f3\u0142y\" rel=\"podstawy fotografii\"><span class=\"stk-button__inner-text\">szczeg\u00f3\u0142y<\/span><\/a><\/div>\n<\/div><\/div>\n<\/div><\/div><\/div>\n<\/div><\/div><\/div>\n","protected":false},"excerpt":{"rendered":"<p>Warsztaty fotograficzne Nat Orce Zapraszam na grupowe warsztaty z podstaw fotografii oraz warsztaty portretu dla fotografek. Oferuj\u0119 indywidualne spotkania, w tym mentoring. Live.authentically.Breathe fully.Create. Masterclass dla fotografek\u2013 portret i to\u017csamo\u015b\u0107 artystyczna \u2013 Prowadz\u0105ceNat OrceNatalia Miedziak-Skonieczna Warszawa \/ 16-17 maja 2026 szczeg\u00f3\u0142y Mentoring fotograficzny 1:1 Wybierz roczny program mentoringu, czyli indywidualnego wsparcia lub dora\u017an\u0105 pomoc w [&hellip;]<\/p>\n","protected":false},"author":2,"featured_media":0,"parent":0,"menu_order":0,"comment_status":"closed","ping_status":"closed","template":"","meta":{"qubely_global_settings":"","qubely_interactions":"","_uag_custom_page_level_css":"","_monsterinsights_skip_tracking":false,"_monsterinsights_sitenote_active":false,"_monsterinsights_sitenote_note":"","_monsterinsights_sitenote_category":0,"pgc_sgb_lightbox_settings":"","footnotes":""},"class_list":["post-11511","page","type-page","status-publish","hentry"],"blocksy_meta":{"styles_descriptor":{"styles":{"desktop":"","tablet":"","mobile":""},"google_fonts":[],"version":6}},"featured_image_urls_v2":{"full":"","thumbnail":"","medium":"","medium_large":"","large":"","1536x1536":"","2048x2048":"","qubely_landscape":"","qubely_portrait":"","qubely_thumbnail":"","ultp_layout_landscape_large":"","ultp_layout_landscape":"","ultp_layout_portrait":"","ultp_layout_square":"","mailpoet_newsletter_max":""},"post_excerpt_stackable_v2":"<p>Warsztaty fotograficzne Nat Orce Zapraszam na grupowe warsztaty z podstaw fotografii oraz warsztaty portretu dla fotografek. Oferuj\u0119 indywidualne spotkania, w tym mentoring. Live.authentically.Breathe fully.Create. Masterclass dla fotografek\u2013 portret i to\u017csamo\u015b\u0107 artystyczna \u2013 Prowadz\u0105ceNat OrceNatalia Miedziak-Skonieczna Warszawa \/ 16-17 maja 2026 szczeg\u00f3\u0142y Mentoring fotograficzny 1:1 Wybierz roczny program mentoringu, czyli indywidualnego wsparcia lub dora\u017an\u0105 pomoc w postaci 1-godzinnej konsultacji. szczeg\u00f3\u0142y Podstawy fotografii i obr\u00f3bki graficznej 17. stycznia 2026grupa online szczeg\u00f3\u0142y<\/p>\n","category_list_v2":"","author_info_v2":{"name":"nat","url":"https:\/\/natorce.com\/pl\/author\/nat\/"},"comments_num_v2":"0 comments","uagb_featured_image_src":{"full":false,"thumbnail":false,"medium":false,"medium_large":false,"large":false,"1536x1536":false,"2048x2048":false,"qubely_landscape":false,"qubely_portrait":false,"qubely_thumbnail":false,"ultp_layout_landscape_large":false,"ultp_layout_landscape":false,"ultp_layout_portrait":false,"ultp_layout_square":false,"mailpoet_newsletter_max":false},"uagb_author_info":{"display_name":"nat","author_link":"https:\/\/natorce.com\/pl\/author\/nat\/"},"uagb_comment_info":0,"uagb_excerpt":"Warsztaty fotograficzne Nat Orce Zapraszam na grupowe warsztaty z podstaw fotografii oraz warsztaty portretu dla fotografek. Oferuj\u0119 indywidualne spotkania, w tym mentoring. Live.authentically.Breathe fully.Create. Masterclass dla fotografek\u2013 portret i to\u017csamo\u015b\u0107 artystyczna \u2013 Prowadz\u0105ceNat OrceNatalia Miedziak-Skonieczna Warszawa \/ 16-17 maja 2026 szczeg\u00f3\u0142y Mentoring fotograficzny 1:1 Wybierz roczny program mentoringu, czyli indywidualnego wsparcia lub dora\u017an\u0105 pomoc w&hellip;","_links":{"self":[{"href":"https:\/\/natorce.com\/pl\/wp-json\/wp\/v2\/pages\/11511","targetHints":{"allow":["GET"]}}],"collection":[{"href":"https:\/\/natorce.com\/pl\/wp-json\/wp\/v2\/pages"}],"about":[{"href":"https:\/\/natorce.com\/pl\/wp-json\/wp\/v2\/types\/page"}],"author":[{"embeddable":true,"href":"https:\/\/natorce.com\/pl\/wp-json\/wp\/v2\/users\/2"}],"replies":[{"embeddable":true,"href":"https:\/\/natorce.com\/pl\/wp-json\/wp\/v2\/comments?post=11511"}],"version-history":[{"count":8,"href":"https:\/\/natorce.com\/pl\/wp-json\/wp\/v2\/pages\/11511\/revisions"}],"predecessor-version":[{"id":11746,"href":"https:\/\/natorce.com\/pl\/wp-json\/wp\/v2\/pages\/11511\/revisions\/11746"}],"wp:attachment":[{"href":"https:\/\/natorce.com\/pl\/wp-json\/wp\/v2\/media?parent=11511"}],"curies":[{"name":"wp","href":"https:\/\/api.w.org\/{rel}","templated":true}]}}