{"id":11518,"date":"2025-12-09T02:10:58","date_gmt":"2025-12-09T01:10:58","guid":{"rendered":"https:\/\/natorce.com\/mentoring-fotograficzny\/"},"modified":"2025-12-09T22:12:18","modified_gmt":"2025-12-09T21:12:18","slug":"mentoring-fotograficzny","status":"publish","type":"page","link":"https:\/\/natorce.com\/pl\/mentoring-fotograficzny\/","title":{"rendered":"Mentoring fotograficzny"},"content":{"rendered":"\n<div class=\"wp-block-media-text alignfull is-stacked-on-mobile is-vertically-aligned-center\" style=\"grid-template-columns:42% auto\"><figure class=\"wp-block-media-text__media\"><img decoding=\"async\" width=\"683\" height=\"1024\" src=\"https:\/\/natorce.com\/wp-content\/uploads\/2020\/03\/JoannaMudrowska-NatKontraktewicz29-683x1024.jpg\" alt=\"mentoring fotograficzny, portret kobiety, portret artystki, rozw\u00f3j fotografa, czarno-bia\u0142y portret\" class=\"wp-image-9276 size-full\"\/><\/figure><div class=\"wp-block-media-text__content\">\n<h3 class=\"wp-block-heading has-text-align-center has-text-color\" style=\"color:#000000\"><strong>Mentoring fotograficzny<\/strong><\/h3>\n\n\n\n<p class=\"has-text-align-center has-extra-small-font-size\">Nat Orce<\/p>\n<\/div><\/div>\n\n\n\n<div class=\"wp-block-group alignfull has-background is-layout-flow wp-block-group-is-layout-flow\" style=\"background-color:#f2f0e9\">\n<div style=\"height:70px\" aria-hidden=\"true\" class=\"wp-block-spacer\"><\/div>\n\n\n\n<div class=\"wp-block-columns alignwide are-vertically-aligned-center is-layout-flex wp-container-core-columns-is-layout-28f84493 wp-block-columns-is-layout-flex\">\n<div class=\"wp-block-column is-layout-flow wp-block-column-is-layout-flow\" style=\"flex-basis:50%\">\n<p class=\"has-text-color\" style=\"color:#000000;font-size:clamp(18.959px, 1.185rem + ((1vw - 3.2px) * 0.863), 30px);line-height:1.1\"><strong>O mentoringu 1:1<\/strong><\/p>\n<\/div>\n\n\n\n<div class=\"wp-block-column is-layout-flow wp-block-column-is-layout-flow\" style=\"flex-basis:50%\">\n<hr class=\"wp-block-separator has-text-color has-css-opacity has-background is-style-wide\" style=\"background-color:#000000;color:#000000\"\/>\n<\/div>\n<\/div>\n\n\n\n<div class=\"wp-block-columns alignwide is-layout-flex wp-container-core-columns-is-layout-28f84493 wp-block-columns-is-layout-flex\">\n<div class=\"wp-block-column is-layout-flow wp-block-column-is-layout-flow\"><\/div>\n\n\n\n<div class=\"wp-block-column is-layout-flow wp-block-column-is-layout-flow\">\n<p class=\"has-text-color has-extra-small-font-size\" style=\"color:#000000\">A gdyby\u015bmy tak usiedli na przeciwko siebie, spojrzeli sobie w oczy i <strong>poszukali razem prawdy? <\/strong><br><br>Tym razem <strong>o Tobie.<\/strong><br><br>Jakie s\u0105 Twoje korzenie? Czego pragniesz? <br><strong>O czym marzysz, a czego si\u0119 boisz?<\/strong> <br>Z czym si\u0119 mierzysz? <br>W co w\u0105tplisz?<\/p>\n<\/div>\n\n\n\n<div class=\"wp-block-column is-layout-flow wp-block-column-is-layout-flow\">\n<p class=\"has-text-color has-extra-small-font-size\" style=\"color:#000000\"><strong>Co mo\u017cesz zrobi\u0107 dzi\u015b, by jutro by\u0107 bli\u017cej celu?<\/strong><\/p>\n\n\n\n<p>Podziel\u0119 si\u0119 z Tob\u0105 moim 20-letnim do\u015bwiadczeniem w bran\u017cy fotograficznej. Lizn\u0119\u0142am zar\u00f3wno fotografowania dla przyjemno\u015bci jak i dla pieni\u0119dzy. Po tym po\u0142\u0105czy\u0142am to w jedn\u0105, sp\u00f3jn\u0105 ca\u0142o\u015b\u0107. Nauczy\u0142am si\u0119 p\u0142yn\u0105\u0107 z nurtem kreatywno\u015bci, \u0142\u0105cz\u0105c harmonijnie \u017cycie prywatne i zawodowe. Teraz, gdy macierzy\u0144stwo wiedzie prym w moim \u017cyciu, poczu\u0142am zn\u00f3w przestrze\u0144 i powo\u0142anie do nauczania. S\u0142ucham wi\u0119c mojego wewn\u0119trznego g\u0142osu i z wielk\u0105 ekscytacj\u0105 oraz uwag\u0105 wys\u0142ucham Ciebie. Chc\u0119 Ci\u0119 pozna\u0107 i je\u015bli poczujesz gotowo\u015b\u0107, pom\u00f3c Ci odkry\u0107 to, co le\u017cy mi\u0119dzy s\u0142owami i to co ukry\u0142o si\u0119 w oczywisto\u015bciach. Razem zanurzymy si\u0119 w niuanse pracy fotografa, od przeszk\u00f3d technicznych, przez wyzwania artystyczne do zagwozdek biznesowych.<\/p>\n<\/div>\n<\/div>\n\n\n\n<div style=\"height:40px\" aria-hidden=\"true\" class=\"wp-block-spacer\"><\/div>\n<\/div>\n\n\n\n<figure class=\"wp-block-gallery has-nested-images columns-4 is-cropped wp-block-gallery-1 is-layout-flex wp-block-gallery-is-layout-flex\">\n<figure class=\"wp-block-image size-large\"><img decoding=\"async\" width=\"981\" height=\"1024\" data-id=\"7248\" src=\"https:\/\/natorce.com\/wp-content\/uploads\/2020\/01\/natalia-kusiak-portret-akty-hasselblad-07-981x1024.jpg\" alt=\"\" class=\"wp-image-7248\" srcset=\"https:\/\/natorce.com\/wp-content\/uploads\/2020\/01\/natalia-kusiak-portret-akty-hasselblad-07-981x1024.jpg 981w, https:\/\/natorce.com\/wp-content\/uploads\/2020\/01\/natalia-kusiak-portret-akty-hasselblad-07-288x300.jpg 288w, https:\/\/natorce.com\/wp-content\/uploads\/2020\/01\/natalia-kusiak-portret-akty-hasselblad-07-768x801.jpg 768w, https:\/\/natorce.com\/wp-content\/uploads\/2020\/01\/natalia-kusiak-portret-akty-hasselblad-07.jpg 1150w\" sizes=\"(max-width: 981px) 100vw, 981px\" \/><\/figure>\n\n\n\n<figure class=\"wp-block-image size-large\"><img decoding=\"async\" width=\"1024\" height=\"997\" data-id=\"7246\" src=\"https:\/\/natorce.com\/wp-content\/uploads\/2020\/01\/natalia-kusiak-portret-akty-hasselblad-05-1024x997.jpg\" alt=\"\" class=\"wp-image-7246\" srcset=\"https:\/\/natorce.com\/wp-content\/uploads\/2020\/01\/natalia-kusiak-portret-akty-hasselblad-05-1024x997.jpg 1024w, https:\/\/natorce.com\/wp-content\/uploads\/2020\/01\/natalia-kusiak-portret-akty-hasselblad-05-300x292.jpg 300w, https:\/\/natorce.com\/wp-content\/uploads\/2020\/01\/natalia-kusiak-portret-akty-hasselblad-05-768x748.jpg 768w, https:\/\/natorce.com\/wp-content\/uploads\/2020\/01\/natalia-kusiak-portret-akty-hasselblad-05.jpg 1232w\" sizes=\"(max-width: 1024px) 100vw, 1024px\" \/><\/figure>\n\n\n\n<figure class=\"wp-block-image size-large\"><img decoding=\"async\" width=\"934\" height=\"1024\" data-id=\"7247\" src=\"https:\/\/natorce.com\/wp-content\/uploads\/2020\/01\/natalia-kusiak-portret-akty-hasselblad-06-934x1024.jpg\" alt=\"\" class=\"wp-image-7247\" srcset=\"https:\/\/natorce.com\/wp-content\/uploads\/2020\/01\/natalia-kusiak-portret-akty-hasselblad-06-934x1024.jpg 934w, https:\/\/natorce.com\/wp-content\/uploads\/2020\/01\/natalia-kusiak-portret-akty-hasselblad-06-274x300.jpg 274w, https:\/\/natorce.com\/wp-content\/uploads\/2020\/01\/natalia-kusiak-portret-akty-hasselblad-06-768x842.jpg 768w, https:\/\/natorce.com\/wp-content\/uploads\/2020\/01\/natalia-kusiak-portret-akty-hasselblad-06.jpg 1094w\" sizes=\"(max-width: 934px) 100vw, 934px\" \/><\/figure>\n\n\n\n<figure class=\"wp-block-image size-large\"><img decoding=\"async\" width=\"927\" height=\"1024\" data-id=\"5953\" src=\"https:\/\/natorce.com\/wp-content\/uploads\/2020\/01\/natalia-kusiak-portret-akty-hasselblad-01-927x1024.jpg\" alt=\"\" class=\"wp-image-5953\" srcset=\"https:\/\/natorce.com\/wp-content\/uploads\/2020\/01\/natalia-kusiak-portret-akty-hasselblad-01-927x1024.jpg 927w, https:\/\/natorce.com\/wp-content\/uploads\/2020\/01\/natalia-kusiak-portret-akty-hasselblad-01-272x300.jpg 272w, https:\/\/natorce.com\/wp-content\/uploads\/2020\/01\/natalia-kusiak-portret-akty-hasselblad-01-768x849.jpg 768w, https:\/\/natorce.com\/wp-content\/uploads\/2020\/01\/natalia-kusiak-portret-akty-hasselblad-01.jpg 1086w\" sizes=\"(max-width: 927px) 100vw, 927px\" \/><\/figure>\n<\/figure>\n\n\n\n<h2 class=\"wp-block-heading has-text-align-center\"><strong>Wybierz rodzaj mentoringu 1:1<\/strong><\/h2>\n\n\n\n<p class=\"has-text-align-center\">lub zapoznaj si\u0119 z nadchodz\u0105cymi <a href=\"https:\/\/natorce.com\/pl\/warsztaty-fotograficzne\/\" data-type=\"page\" data-id=\"10352\">warsztatami grupowymi<\/a><\/p>\n\n\n\n<div class=\"wp-block-media-text alignwide has-media-on-the-right is-stacked-on-mobile is-vertically-aligned-center has-background\" style=\"background-color:#e9ead8\"><div class=\"wp-block-media-text__content\">\n<div class=\"wp-block-group is-layout-flow wp-block-group-is-layout-flow\" style=\"padding-top:2em;padding-right:2em;padding-bottom:2em;padding-left:2em\">\n<p style=\"font-size:clamp(22.041px, 1.378rem + ((1vw - 3.2px) * 1.091), 36px);line-height:1.2\"><strong>Mentoring roczny<\/strong><\/p>\n\n\n\n<p class=\"has-extra-small-font-size\">indywidualna opieka i prowadzenie przez 12 miesi\u0119cy<br>5000 pln<\/p>\n\n\n\n<p><\/p>\n\n\n\n<details class=\"wp-block-details is-layout-flow wp-block-details-is-layout-flow\"><summary>poznaj program<\/summary>\n<p><strong>Program mentoringu 1:1 <\/strong>zawiera ramy, kt\u00f3re mo\u017cemy dostosowa\u0107 do Twoich potrzeb. Indywidualny plan tworzymy na podstawie wybranej przez Ciebie dziedziny fotografii i po\u015bwi\u0119camy temu pierwsze spotkanie zapoznawcze. Wspieram portret, reporta\u017c, fotografi\u0119 rodzinn\u0105 i \u015blubn\u0105, fotografi\u0119 kulinarn\u0105 i hobbystyczn\u0105.<\/p>\n\n\n\n<p><strong>Bazowe tematy w programie mentoringu:<\/strong><\/p>\n\n\n\n<ul class=\"wp-block-list\">\n<li>Praca nad to\u017csamo\u015bcia artystyczn\u0105<\/li>\n\n\n\n<li>Szlifowanie stylu<\/li>\n\n\n\n<li>Szlifowanie techniki i warsztatu<\/li>\n\n\n\n<li>Przegl\u0105d portfolio<\/li>\n\n\n\n<li>Identyfikacja wizualna, www, komunikacja<\/li>\n\n\n\n<li>Wyzwania w relacjach z klientami<\/li>\n\n\n\n<li>Zapobieganie wypaleniu zawodowemu<\/li>\n\n\n\n<li>Strona prawna &#8211; umowy, prawa, licencje, dzia\u0142alno\u015b\u0107 gospodarcza<\/li>\n<\/ul>\n\n\n\n<p>Wybieramy wsp\u00f3lnie ilo\u015b\u0107 <strong>prowokacji fotograficznych<\/strong> na rok (sugeruj\u0119 min. 1 du\u017ce, max. 3 mniejsze) wedle Twoich mo\u017cliwo\u015bci. B\u0119d\u0105 to zadania, niczym praca domowa, rozwijaj\u0105ce Twoj\u0105 kreatywno\u015b\u0107, warsztat i wzbogacaj\u0105ce portfolio. Efekty b\u0119dziemy omawia\u0107 wsp\u00f3lnie mailowo lub na konsultacjach.<\/p>\n\n\n\n<p><strong>Rozmawiamy<\/strong><br>&#8211; <strong>1 x miesi\u0105c 2h<\/strong> omawiamy wybrane zagadnienia <br>(na \u017cywo lub online)<br>&#8211; <strong>1 x miesi\u0105c 1h konsultacji<\/strong><br>(online, np. sprawy pilne lub aktualne wyzwania)<br>&#8211; <strong>mailujemy bez limitu<\/strong><\/p>\n\n\n\n<p>Tylko 3 miejsca na rok.<\/p>\n\n\n\n<p><strong>Rok brzmi przyt\u0142aczaj\u0105co?<\/strong><br>Wypr\u00f3buj opcj\u0119 3 lub 6 miesi\u0119cy (2500 z\u0142\/3500 z\u0142).<\/p>\n<\/details>\n<\/div>\n<\/div><figure class=\"wp-block-media-text__media\"><img decoding=\"async\" src=\"https:\/\/s.w.org\/patterns\/files\/2021\/06\/pear-1-1024x1024.png\" alt=\"\" class=\"wp-image-5263 size-full\"\/><\/figure><\/div>\n\n\n\n<div class=\"wp-block-media-text alignwide is-stacked-on-mobile is-vertically-aligned-center has-background\" style=\"background-color:#fffdea\"><figure class=\"wp-block-media-text__media\"><img decoding=\"async\" src=\"https:\/\/s.w.org\/patterns\/files\/2021\/06\/pear-half-1024x1024.png\" alt=\"\" class=\"wp-image-673 size-full\"\/><\/figure><div class=\"wp-block-media-text__content\">\n<div class=\"wp-block-group is-layout-flow wp-block-group-is-layout-flow\" style=\"padding-top:2em;padding-right:2em;padding-bottom:2em;padding-left:2em\">\n<p style=\"font-size:clamp(22.041px, 1.378rem + ((1vw - 3.2px) * 1.091), 36px);line-height:1.2\"><strong>Konsultacje indywidualne<\/strong><\/p>\n\n\n\n<p class=\"has-extra-small-font-size\">godzinne spotkanie w celu om\u00f3wienia wybranego przez Ciebie tematu<br>300 pln \/ h <\/p>\n\n\n\n<details class=\"wp-block-details is-layout-flow wp-block-details-is-layout-flow\"><summary>poznaj szczeg\u00f3\u0142y<\/summary>\n<p><strong>Dora\u017ana pomoc<\/strong> w dowolnym momencie i w dowolnym temacie, bez zobowi\u0105za\u0144 d\u0142ugoterminowych.<br><br>Mo\u017ce masz wyzwanie z wycenieniem Twojej pracy?<br>Potrzebujesz przegl\u0105du portfolio? <br>Szykujesz wystaw\u0119 albo inn\u0105 publikacj\u0119 i chcesz zasi\u0119gn\u0105\u0107 drugiej opinii?<br>A mo\u017ce pojawi\u0142 si\u0119 konflikt z klientem lub chcesz takiego unikn\u0105\u0107?<br><strong>Jestem tu, aby Ci s\u0142u\u017cy\u0107 moim do\u015bwiadczeniem.<\/strong><\/p>\n<\/details>\n<\/div>\n<\/div><\/div>\n\n\n<div  class=\"wp-block-ultimate-post-heading ultp-block-04f4df\"><div class=\"ultp-block-wrapper\"><div class=\"ultp-heading-wrap ultp-heading-style2 ultp-heading-center\"><h2 class=\"ultp-heading-inner\"><a href=\"mailto:hi@natorce.com\" ><span><strong>REZERWUJ\u0118<\/strong><\/span><\/a><\/h2><\/div><\/div><\/div>\n\n\n<div class=\"wp-block-group alignfull has-background is-layout-flow wp-block-group-is-layout-flow\" style=\"background-color:#f5eac1;padding-top:6vw;padding-right:6vw;padding-bottom:6vw;padding-left:6vw\">\n<div class=\"wp-block-group is-vertical is-nowrap is-layout-flex wp-container-core-group-is-layout-36fd9ea3 wp-block-group-is-layout-flex\" style=\"padding-right:0;padding-left:0\">\n<h6 class=\"wp-block-heading has-text-color\" id=\"ecosystem\" style=\"color:#000000;font-size:clamp(14px, 0.875rem + ((1vw - 3.2px) * 0.156), 16px);\">MENTORING Z NAT ORCE<\/h6>\n\n\n\n<p class=\"has-text-color\" style=\"color:#000000;font-size:6vw;font-style:normal;font-weight:700;letter-spacing:0px;line-height:0.9;text-decoration:none;text-transform:none\">Czego mo\u017cesz si\u0119 spodziewa\u0107 po mnie?<\/p>\n<\/div>\n\n\n\n<div style=\"height:1vw\" aria-hidden=\"true\" class=\"wp-block-spacer\"><\/div>\n\n\n\n<div class=\"wp-block-group alignwide is-vertical is-nowrap is-layout-flex wp-container-core-group-is-layout-7946b6b8 wp-block-group-is-layout-flex\" style=\"padding-top:0;padding-right:0;padding-bottom:0;padding-left:0\">\n<div class=\"wp-block-columns alignwide is-layout-flex wp-container-core-columns-is-layout-21b20327 wp-block-columns-is-layout-flex\">\n<div class=\"wp-block-column is-layout-flow wp-block-column-is-layout-flow\" style=\"flex-basis:33.38%\">\n<p class=\"has-text-color\" style=\"color:#000000;font-size:clamp(14px, 0.875rem + ((1vw - 3.2px) * 0.234), 17px);\">Jestem konkretna, szczera <br>i bezpo\u015brednia. Pracuj\u0119 szybko, <br>w skupieniu i pod wp\u0142ywem weny. Szanuj\u0119 Tw\u00f3j i m\u00f3j czas.<\/p>\n\n\n\n<p class=\"has-text-color\" style=\"color:#000000;font-size:clamp(14px, 0.875rem + ((1vw - 3.2px) * 0.234), 17px);\">Jednocze\u015bnie z czu\u0142o\u015bci\u0105 opiekuj\u0119 si\u0119 delikatnymi tematami. S\u0142ucham, nie popycham Ci\u0119 do przodu, je\u015bli nie odczuwasz gotowo\u015bci.<\/p>\n\n\n\n<p><em>Nie narzuc\u0119 Ci mojego zdania, jedynie naprowadz\u0119 pytaniami i sugestiami do odnajdywania przez Ciebie w\u0142asnej \u015bcie\u017cki.<\/em><\/p>\n<\/div>\n\n\n\n<div class=\"wp-block-column is-layout-flow wp-block-column-is-layout-flow\" style=\"flex-basis:33%\">\n<div style=\"height:2vw\" aria-hidden=\"true\" class=\"wp-block-spacer\"><\/div>\n\n\n\n<figure class=\"wp-block-image size-large\"><img decoding=\"async\" width=\"683\" height=\"1024\" src=\"https:\/\/natorce.com\/wp-content\/uploads\/2025\/12\/IMG_5018-683x1024.jpg\" alt=\"\" class=\"wp-image-11461\" srcset=\"https:\/\/natorce.com\/wp-content\/uploads\/2025\/12\/IMG_5018-683x1024.jpg 683w, https:\/\/natorce.com\/wp-content\/uploads\/2025\/12\/IMG_5018-200x300.jpg 200w, https:\/\/natorce.com\/wp-content\/uploads\/2025\/12\/IMG_5018-768x1152.jpg 768w, https:\/\/natorce.com\/wp-content\/uploads\/2025\/12\/IMG_5018-1024x1536.jpg 1024w, https:\/\/natorce.com\/wp-content\/uploads\/2025\/12\/IMG_5018-600x900.jpg 600w, https:\/\/natorce.com\/wp-content\/uploads\/2025\/12\/IMG_5018.jpg 1280w\" sizes=\"(max-width: 683px) 100vw, 683px\" \/><\/figure>\n<\/div>\n\n\n\n<div class=\"wp-block-column is-layout-flow wp-block-column-is-layout-flow\" style=\"flex-basis:33.62%\">\n<figure class=\"wp-block-image size-large\"><img decoding=\"async\" width=\"683\" height=\"1024\" src=\"https:\/\/natorce.com\/wp-content\/uploads\/2025\/12\/IMG_5136-683x1024.jpg\" alt=\"\" class=\"wp-image-11486\" srcset=\"https:\/\/natorce.com\/wp-content\/uploads\/2025\/12\/IMG_5136-683x1024.jpg 683w, https:\/\/natorce.com\/wp-content\/uploads\/2025\/12\/IMG_5136-200x300.jpg 200w, https:\/\/natorce.com\/wp-content\/uploads\/2025\/12\/IMG_5136-768x1152.jpg 768w, https:\/\/natorce.com\/wp-content\/uploads\/2025\/12\/IMG_5136-1024x1536.jpg 1024w, https:\/\/natorce.com\/wp-content\/uploads\/2025\/12\/IMG_5136-600x900.jpg 600w, https:\/\/natorce.com\/wp-content\/uploads\/2025\/12\/IMG_5136.jpg 1280w\" sizes=\"(max-width: 683px) 100vw, 683px\" \/><figcaption class=\"wp-element-caption\"><em>fot. <a href=\"https:\/\/cialobrazy.com\" target=\"_blank\" rel=\"noreferrer noopener\">Natalia Miedziak-Skonieczna<\/a><\/em><\/figcaption><\/figure>\n<\/div>\n<\/div>\n\n\n\n<div class=\"wp-block-columns alignwide is-layout-flex wp-container-core-columns-is-layout-c24efe4f wp-block-columns-is-layout-flex\">\n<div class=\"wp-block-column is-layout-flow wp-block-column-is-layout-flow\" style=\"flex-basis:69%\">\n<figure class=\"wp-block-image size-full is-resized\"><img decoding=\"async\" width=\"600\" height=\"400\" src=\"https:\/\/natorce.com\/wp-content\/uploads\/2019\/05\/about13.jpg\" alt=\"\" class=\"wp-image-1326\" style=\"width:524px;height:auto\" srcset=\"https:\/\/natorce.com\/wp-content\/uploads\/2019\/05\/about13.jpg 600w, https:\/\/natorce.com\/wp-content\/uploads\/2019\/05\/about13-300x200.jpg 300w\" sizes=\"(max-width: 600px) 100vw, 600px\" \/><figcaption class=\"wp-element-caption\">fot. <a href=\"https:\/\/www.lenasabala.com\" target=\"_blank\" rel=\"noreferrer noopener\">Lena Saba\u0142a<\/a><\/figcaption><\/figure>\n<\/div>\n\n\n\n<div class=\"wp-block-column is-vertically-aligned-center is-layout-flow wp-block-column-is-layout-flow\" style=\"flex-basis:33%\">\n<div style=\"height:2vw\" aria-hidden=\"true\" class=\"wp-block-spacer\"><\/div>\n\n\n\n<h2 class=\"wp-block-heading\"><strong>BACKGROUND<\/strong><\/h2>\n\n\n\n<p class=\"has-text-color\" style=\"color:#000000;font-size:clamp(14px, 0.875rem + ((1vw - 3.2px) * 0.234), 17px);\">Fotografuj\u0119 od 2013 roku. Zacz\u0119\u0142am pracowa\u0107 zawodowo jako fotografka w wieku 16 lat. Przeprowadzi\u0142am dziesi\u0105tki warsztat\u00f3w dla pocz\u0105tkuj\u0105cych i zaawansowanych fotograf\u00f3w, tych robi\u0105cych zdj\u0119cia hobbystycznie i tych pracuj\u0105cych w zawodzie od wielu lat. Przemawia\u0142am na Boring Workshop w 2021 roku na temat wypalenia zawodowego i to\u017csamo\u015bci fotograf\u00f3w \u015blubnych. Wyda\u0142am samodzielnie <a href=\"https:\/\/shop.natorce.com\/art\/store\/662a5003b93dbc14fcf8b219\">album fotograficzny &#8222;TRUTH&#8221;<\/a> i <a href=\"https:\/\/www.thebowlbook.pl\/\" target=\"_blank\" rel=\"noopener\">album kulinarny &#8222;The Bowl Book&#8221;<\/a>.<br><br>Jakby tego by\u0142o ma\u0142o prowadzi\u0142am te\u017c mini agencj\u0119 reklamow\u0105, agencj\u0119 modelek, restauracj\u0119 i mark\u0119 odzie\u017cowo-bieli\u017anian\u0105.<\/p>\n\n\n\n<p>Ca\u0142\u0105 moj\u0105 histori\u0119 poznasz na warsztatach <a href=\"https:\/\/natorce.com\/pl\/warsztaty-fotograficzne\/\" data-type=\"page\" data-id=\"11511\">&#8222;Live. Breathe. Create.&#8221;<\/a><\/p>\n<\/div>\n<\/div>\n<\/div>\n<\/div>\n\n\n\n<div class=\"wp-block-cover alignfull is-light wp-duotone-purple-yellow\" style=\"margin-top:0;padding-top:48px;padding-right:48px;padding-bottom:48px;padding-left:48px;min-height:377px;aspect-ratio:unset;\"><img decoding=\"async\" width=\"1024\" height=\"683\" class=\"wp-block-cover__image-background wp-image-11489 size-large\" alt=\"\" src=\"https:\/\/natorce.com\/wp-content\/uploads\/2025\/12\/Laura-lq-12-1024x683.jpg\" data-object-fit=\"cover\" srcset=\"https:\/\/natorce.com\/wp-content\/uploads\/2025\/12\/Laura-lq-12-1024x683.jpg 1024w, https:\/\/natorce.com\/wp-content\/uploads\/2025\/12\/Laura-lq-12-300x200.jpg 300w, https:\/\/natorce.com\/wp-content\/uploads\/2025\/12\/Laura-lq-12-768x512.jpg 768w, https:\/\/natorce.com\/wp-content\/uploads\/2025\/12\/Laura-lq-12-1536x1024.jpg 1536w, https:\/\/natorce.com\/wp-content\/uploads\/2025\/12\/Laura-lq-12-1200x800.jpg 1200w, https:\/\/natorce.com\/wp-content\/uploads\/2025\/12\/Laura-lq-12-1320x880.jpg 1320w, https:\/\/natorce.com\/wp-content\/uploads\/2025\/12\/Laura-lq-12.jpg 1920w\" sizes=\"(max-width: 1024px) 100vw, 1024px\" \/><span aria-hidden=\"true\" class=\"wp-block-cover__background has-background-dim-70 has-background-dim\" style=\"background-color:#e6c361\"><\/span><div class=\"wp-block-cover__inner-container is-layout-flow wp-block-cover-is-layout-flow\">\n<div class=\"wp-block-group is-layout-constrained wp-container-core-group-is-layout-4582f6a7 wp-block-group-is-layout-constrained\">\n<h2 class=\"wp-block-heading has-text-align-center has-white-color has-text-color\" style=\"font-size:clamp(50.171px, 3.136rem + ((1vw - 3.2px) * 3.893), 100px);font-style:normal;font-weight:700;letter-spacing:0px;line-height:1;text-transform:uppercase\"><span data-fontsize=\"29\" style=\"font-size: 29px;\" class=\"qubely-custom-font\">ZACZYNAMY prac\u0119?<\/span><\/h2>\n<\/div>\n\n\n\n<div class=\"wp-block-buttons is-content-justification-center is-nowrap is-layout-flex wp-container-core-buttons-is-layout-12a27398 wp-block-buttons-is-layout-flex\">\n<div class=\"wp-block-button is-style-fill\"><a class=\"wp-block-button__link has-white-color has-text-color has-custom-font-size wp-element-button\" href=\"mailto:hi@natorce.com\" style=\"padding-top:24px;padding-right:48px;padding-bottom:24px;padding-left:48px;font-size:13px;font-style:normal;font-weight:600;letter-spacing:0px;text-transform:uppercase\" target=\"_blank\" rel=\"noreferrer noopener\">ZAPISUJ\u0118 SI\u0118<\/a><\/div>\n<\/div>\n<\/div><\/div>\n\n\n\n<p><\/p>\n","protected":false},"excerpt":{"rendered":"<p>Mentoring dla fotograf\u00f3w &#8211; od podstaw i fotografii hobbystycznej po wsparcie dla zawodowych fotograf\u00f3w. Program rozwojowy prowadzony przez do\u015bwiadczon\u0105 fotografk\u0119. <\/p>\n","protected":false},"author":2,"featured_media":0,"parent":0,"menu_order":0,"comment_status":"closed","ping_status":"closed","template":"","meta":{"qubely_global_settings":"","qubely_interactions":"","_uag_custom_page_level_css":"","_monsterinsights_skip_tracking":false,"_monsterinsights_sitenote_active":false,"_monsterinsights_sitenote_note":"","_monsterinsights_sitenote_category":0,"pgc_sgb_lightbox_settings":"","footnotes":""},"class_list":["post-11518","page","type-page","status-publish","hentry"],"blocksy_meta":[],"featured_image_urls_v2":{"full":"","thumbnail":"","medium":"","medium_large":"","large":"","1536x1536":"","2048x2048":"","qubely_landscape":"","qubely_portrait":"","qubely_thumbnail":"","ultp_layout_landscape_large":"","ultp_layout_landscape":"","ultp_layout_portrait":"","ultp_layout_square":"","mailpoet_newsletter_max":""},"post_excerpt_stackable_v2":"<p>Mentoring dla fotograf\u00f3w &#8211; od podstaw i fotografii hobbystycznej po wsparcie dla zawodowych fotograf\u00f3w. Program rozwojowy prowadzony przez do\u015bwiadczon\u0105 fotografk\u0119. <\/p>\n","category_list_v2":"","author_info_v2":{"name":"nat","url":"https:\/\/natorce.com\/pl\/author\/nat\/"},"comments_num_v2":"0 comments","uagb_featured_image_src":{"full":false,"thumbnail":false,"medium":false,"medium_large":false,"large":false,"1536x1536":false,"2048x2048":false,"qubely_landscape":false,"qubely_portrait":false,"qubely_thumbnail":false,"ultp_layout_landscape_large":false,"ultp_layout_landscape":false,"ultp_layout_portrait":false,"ultp_layout_square":false,"mailpoet_newsletter_max":false},"uagb_author_info":{"display_name":"nat","author_link":"https:\/\/natorce.com\/pl\/author\/nat\/"},"uagb_comment_info":0,"uagb_excerpt":"Mentoring dla fotograf\u00f3w - od podstaw i fotografii hobbystycznej po wsparcie dla zawodowych fotograf\u00f3w. Program rozwojowy prowadzony przez do\u015bwiadczon\u0105 fotografk\u0119.","_links":{"self":[{"href":"https:\/\/natorce.com\/pl\/wp-json\/wp\/v2\/pages\/11518","targetHints":{"allow":["GET"]}}],"collection":[{"href":"https:\/\/natorce.com\/pl\/wp-json\/wp\/v2\/pages"}],"about":[{"href":"https:\/\/natorce.com\/pl\/wp-json\/wp\/v2\/types\/page"}],"author":[{"embeddable":true,"href":"https:\/\/natorce.com\/pl\/wp-json\/wp\/v2\/users\/2"}],"replies":[{"embeddable":true,"href":"https:\/\/natorce.com\/pl\/wp-json\/wp\/v2\/comments?post=11518"}],"version-history":[{"count":7,"href":"https:\/\/natorce.com\/pl\/wp-json\/wp\/v2\/pages\/11518\/revisions"}],"predecessor-version":[{"id":11558,"href":"https:\/\/natorce.com\/pl\/wp-json\/wp\/v2\/pages\/11518\/revisions\/11558"}],"wp:attachment":[{"href":"https:\/\/natorce.com\/pl\/wp-json\/wp\/v2\/media?parent=11518"}],"curies":[{"name":"wp","href":"https:\/\/api.w.org\/{rel}","templated":true}]}}